{"id":7,"date":"2014-12-09T19:49:05","date_gmt":"2014-12-09T19:49:05","guid":{"rendered":"http:\/\/www.stopptgennahrungsmittel.de\/?page_id=7"},"modified":"2014-12-18T12:16:01","modified_gmt":"2014-12-18T12:16:01","slug":"gute-gruende","status":"publish","type":"page","link":"https:\/\/www.stopptgennahrungsmittel.de\/?page_id=7","title":{"rendered":"Gute Gr\u00fcnde"},"content":{"rendered":"<div id=\"attachment_223\" style=\"width: 210px\" class=\"wp-caption alignright\"><a href=\"http:\/\/www.stopptgennahrungsmittel.de\/wp-content\/uploads\/2014\/12\/Kopie-von-IMG_6346-e1418835197728.jpg\"><img loading=\"lazy\" decoding=\"async\" aria-describedby=\"caption-attachment-223\" class=\"wp-image-223 size-medium\" src=\"http:\/\/www.stopptgennahrungsmittel.de\/wp-content\/uploads\/2014\/12\/Kopie-von-IMG_6346-200x300.jpg\" alt=\"Kopie von IMG_6346\" width=\"200\" height=\"300\" \/><\/a><p id=\"caption-attachment-223\" class=\"wp-caption-text\">Christiane L\u00fcst<\/p><\/div>\n<h3 class=\"center\">Darum sind wir gegen &#8222;gr\u00fcne&#8220; Gentechnik!<\/h3>\n<p>Wer den Film &#8222;Leben au\u00dfer Kontrolle&#8220; von Bertram Verhaag gesehen oder \u00fcber den GENozid zur Reduzierung der \u00dcberbev\u00f6lkerung durch die Gentechnik gelesen hat (W. Engdahl, Kann es in einer Welt mit Gen-Food Frieden geben?) der bekommt eine ungef\u00e4hre Vorstellung davon, was uns hier erwartet. (Beides k\u00f6nnen Sie bei uns erhalten).<\/p>\n<h4>Konzerne spielen Gott<\/h4>\n<p>Ist die Gentechnik einmal gro\u00dffl\u00e4chig ausgesetzt, ist sie nicht mehr r\u00fcckholbar, wird die Welt zunehmend kontaminiert und die Ergebnisse jahrtausendealter Evolution werden unwiederbringlich zerst\u00f6rt. Wissenschaftler warnen davor, denn die Ausma\u00dfe sind mit nichts zu vergleichen, auch nicht mit Atomverseuchung oder Umweltkatastrophen. Es ist ein Spiel mit dem Feuer. Die Verursacher wissen sehr wohl was sie tun, aber sie tun es aus Geldgier trotzdem.<\/p>\n<p>Wenn die Konzerne es schaffen, uns in wenigen Jahren vor vollendete Tatsachen zu stellen, (Rum\u00e4nien wurde z.B. ohne Wissen der Bauern zu \u00fcber 90 % unwiderruflich mit falsch deklariertem GV-Saatgut absichtlich verseucht) &#8211; dann ist der Zug f\u00fcr den Erhalt von gentechnikfreiem und regional angepasstem Saatgut weltweit f\u00fcr immer abgefahren!<\/p>\n<h4>Globalisierte Agrogentechnik verletzt mittelbar die Menschenrechte!<\/h4>\n<p>Die Folgen sind Missernten, Zerst\u00f6rung und Vergiftung der B\u00f6den, Hunger und Vertreibung der Menschen, die hoch verschuldet sind und sich nicht mehr selbst ern\u00e4hren k\u00f6nnen. Sie fl\u00fcchten in die Slums der Megast\u00e4dte und schlie\u00dflich auch in die Verursacherl\u00e4nder.<\/p>\n<h4>Widerstand<\/h4>\n<p>Doch es besteht noch Hoffnung, blickt man z. B. auf die Schweiz, wo die Bev\u00f6lkerung sich in einer Volksabstimmung ganz deutlich gegen die Gentechnik ausgesprochen hat. Aber selbst dort findet man bereits entlang der Transportwege GVO-Pflanzen.<\/p>\n<p>Es gilt nun, Bauern und Konsumenten zu warnen und sie gleichzeitig aufzufordern, durch verantwortliches Handeln Zeichen zu setzen. \u00dcber die Macht der Konsumenten und den Widerstand der Bauern haben wir noch eine Chance, das Schlimmste zu verhindern.<\/p>\n<h4>Jeder kann mitmachen<\/h4>\n<p>Wir m\u00f6chten Sie aufr\u00fctteln und mobilisieren, Infomaterial zu verteilen, Spenden zu sammeln f\u00fcr unsere Arbeit,\u00a0 Veranstaltungen anzuregen oder zu organisieren. Jeder kann etwas gegen die Verbreitung von Gen-Nahrungsmitteln tun. Sprechen Sie das Problem unerm\u00fcdlich in der Familie, im Freundes- und Bekanntenkreis und am Arbeitsplatz an. Rufen Sie uns an, wir unterst\u00fctzen Sie gerne!<\/p>\n<p style=\"text-align: center;\"><span style=\"font-size: 12pt; color: #ff0000;\"><strong>Die wichtigsten Dinge auf der Welt wurden von Menschen geleistet, die auch dann weitergemacht haben, wenn absolut keine Hoffnung mehr zu bestehen schien. (Dale Carnegie)<\/strong><\/span><\/p>\n","protected":false},"excerpt":{"rendered":"<p>Darum sind wir gegen &#8222;gr\u00fcne&#8220; Gentechnik! Wer den Film &#8222;Leben au\u00dfer Kontrolle&#8220; von Bertram Verhaag gesehen oder \u00fcber den GENozid zur Reduzierung der \u00dcberbev\u00f6lkerung durch die Gentechnik gelesen hat (W. Engdahl, Kann es in einer Welt mit Gen-Food Frieden geben?) der bekommt eine ungef\u00e4hre Vorstellung davon, was uns hier erwartet.\u2026<\/p>\n<p> <a class=\"continue-reading-link\" href=\"https:\/\/www.stopptgennahrungsmittel.de\/?page_id=7\"><span>weiter lesen &#8230;<\/span><i class=\"crycon-right-dir\"><\/i><\/a> <\/p>\n","protected":false},"author":1,"featured_media":0,"parent":0,"menu_order":1,"comment_status":"closed","ping_status":"closed","template":"","meta":{"jetpack_post_was_ever_published":false,"footnotes":""},"class_list":["post-7","page","type-page","status-publish","hentry"],"jetpack_sharing_enabled":true,"jetpack_shortlink":"https:\/\/wp.me\/P7YsNH-7","_links":{"self":[{"href":"https:\/\/www.stopptgennahrungsmittel.de\/index.php?rest_route=\/wp\/v2\/pages\/7","targetHints":{"allow":["GET"]}}],"collection":[{"href":"https:\/\/www.stopptgennahrungsmittel.de\/index.php?rest_route=\/wp\/v2\/pages"}],"about":[{"href":"https:\/\/www.stopptgennahrungsmittel.de\/index.php?rest_route=\/wp\/v2\/types\/page"}],"author":[{"embeddable":true,"href":"https:\/\/www.stopptgennahrungsmittel.de\/index.php?rest_route=\/wp\/v2\/users\/1"}],"replies":[{"embeddable":true,"href":"https:\/\/www.stopptgennahrungsmittel.de\/index.php?rest_route=%2Fwp%2Fv2%2Fcomments&post=7"}],"version-history":[{"count":11,"href":"https:\/\/www.stopptgennahrungsmittel.de\/index.php?rest_route=\/wp\/v2\/pages\/7\/revisions"}],"predecessor-version":[{"id":265,"href":"https:\/\/www.stopptgennahrungsmittel.de\/index.php?rest_route=\/wp\/v2\/pages\/7\/revisions\/265"}],"wp:attachment":[{"href":"https:\/\/www.stopptgennahrungsmittel.de\/index.php?rest_route=%2Fwp%2Fv2%2Fmedia&parent=7"}],"curies":[{"name":"wp","href":"https:\/\/api.w.org\/{rel}","templated":true}]}}