{"id":280,"date":"2014-12-18T14:47:59","date_gmt":"2014-12-18T14:47:59","guid":{"rendered":"http:\/\/www.stopptgennahrungsmittel.de\/?page_id=280"},"modified":"2014-12-18T14:55:11","modified_gmt":"2014-12-18T14:55:11","slug":"stopp-ttip","status":"publish","type":"page","link":"https:\/\/www.stopptgennahrungsmittel.de\/?page_id=280","title":{"rendered":"STOPP TTIP!"},"content":{"rendered":"<h3><strong><a href=\"http:\/\/www.stopptgennahrungsmittel.de\/wp-content\/uploads\/2014\/12\/STOP_TTIP_Logo_gro\u00df_web_04.jpg\"><img loading=\"lazy\" decoding=\"async\" class=\"alignright wp-image-275 size-full\" src=\"http:\/\/www.stopptgennahrungsmittel.de\/wp-content\/uploads\/2014\/12\/STOP_TTIP_Logo_gro\u00df_web_04.jpg\" alt=\"STOP_TTIP_Logo_gro\u00df_web_04\" width=\"314\" height=\"223\" srcset=\"https:\/\/www.stopptgennahrungsmittel.de\/wp-content\/uploads\/2014\/12\/STOP_TTIP_Logo_gro\u00df_web_04.jpg 314w, https:\/\/www.stopptgennahrungsmittel.de\/wp-content\/uploads\/2014\/12\/STOP_TTIP_Logo_gro\u00df_web_04-300x213.jpg 300w, https:\/\/www.stopptgennahrungsmittel.de\/wp-content\/uploads\/2014\/12\/STOP_TTIP_Logo_gro\u00df_web_04-211x150.jpg 211w, https:\/\/www.stopptgennahrungsmittel.de\/wp-content\/uploads\/2014\/12\/STOP_TTIP_Logo_gro\u00df_web_04-150x106.jpg 150w\" sizes=\"auto, (max-width: 314px) 100vw, 314px\" \/><\/a>Jetzt eintragen bei der selbstorganisierten Europ\u00e4ischen B\u00fcrgerinitiative gegen TTIP und CETA<br \/>\n<\/strong><\/h3>\n<p>im Gautinger Umweltzentrum \u00d6ko &amp; Fair, Berengariastr. 5 (hinter dem Schwimmbad) liegen Unterschriftslisten der Europ\u00e4ischen B\u00fcrgerinitiative gegen TTIP und CETA aus. Jeder kann sich dort eintragen kommen.<\/p>\n<p>Hier bekommen Sie auch die Formulare, wenn Sie selbst in Ihrem Bekanntenkreis sammeln wollen.<\/p>\n<p>Die \u00d6ffnungszeiten: Mo \u2013 Fr von 10 \u2013 17 Uhr<\/p>\n","protected":false},"excerpt":{"rendered":"<p>Jetzt eintragen bei der selbstorganisierten Europ\u00e4ischen B\u00fcrgerinitiative gegen TTIP und CETA im Gautinger Umweltzentrum \u00d6ko &amp; Fair, Berengariastr. 5 (hinter dem Schwimmbad) liegen Unterschriftslisten der Europ\u00e4ischen B\u00fcrgerinitiative gegen TTIP und CETA aus. Jeder kann sich dort eintragen kommen. Hier bekommen Sie auch die Formulare, wenn Sie selbst in Ihrem Bekanntenkreis\u2026<\/p>\n<p> <a class=\"continue-reading-link\" href=\"https:\/\/www.stopptgennahrungsmittel.de\/?page_id=280\"><span>weiter lesen &#8230;<\/span><i class=\"crycon-right-dir\"><\/i><\/a> <\/p>\n","protected":false},"author":1,"featured_media":0,"parent":0,"menu_order":0,"comment_status":"closed","ping_status":"closed","template":"","meta":{"jetpack_post_was_ever_published":false,"footnotes":""},"class_list":["post-280","page","type-page","status-publish","hentry"],"jetpack_sharing_enabled":true,"jetpack_shortlink":"https:\/\/wp.me\/P7YsNH-4w","_links":{"self":[{"href":"https:\/\/www.stopptgennahrungsmittel.de\/index.php?rest_route=\/wp\/v2\/pages\/280","targetHints":{"allow":["GET"]}}],"collection":[{"href":"https:\/\/www.stopptgennahrungsmittel.de\/index.php?rest_route=\/wp\/v2\/pages"}],"about":[{"href":"https:\/\/www.stopptgennahrungsmittel.de\/index.php?rest_route=\/wp\/v2\/types\/page"}],"author":[{"embeddable":true,"href":"https:\/\/www.stopptgennahrungsmittel.de\/index.php?rest_route=\/wp\/v2\/users\/1"}],"replies":[{"embeddable":true,"href":"https:\/\/www.stopptgennahrungsmittel.de\/index.php?rest_route=%2Fwp%2Fv2%2Fcomments&post=280"}],"version-history":[{"count":3,"href":"https:\/\/www.stopptgennahrungsmittel.de\/index.php?rest_route=\/wp\/v2\/pages\/280\/revisions"}],"predecessor-version":[{"id":285,"href":"https:\/\/www.stopptgennahrungsmittel.de\/index.php?rest_route=\/wp\/v2\/pages\/280\/revisions\/285"}],"wp:attachment":[{"href":"https:\/\/www.stopptgennahrungsmittel.de\/index.php?rest_route=%2Fwp%2Fv2%2Fmedia&parent=280"}],"curies":[{"name":"wp","href":"https:\/\/api.w.org\/{rel}","templated":true}]}}