{"id":21,"date":"2014-12-09T19:52:02","date_gmt":"2014-12-09T19:52:02","guid":{"rendered":"http:\/\/www.stopptgennahrungsmittel.de\/?page_id=21"},"modified":"2015-01-27T12:11:10","modified_gmt":"2015-01-27T12:11:10","slug":"spenden","status":"publish","type":"page","link":"https:\/\/www.stopptgennahrungsmittel.de\/?page_id=21","title":{"rendered":"Spenden"},"content":{"rendered":"<h3>10 Gr\u00fcnde<\/h3>\n<h4>&#8230; f\u00fcr Ihre Spende an Aktion GEN-Klage:<\/h4>\n<ol>\n<li>Unsere Arbeit bewegt etwas bei sehr vielen Menschen. Sie setzen gro\u00dfe Hoffnung auf uns.<\/li>\n<li>Wir machen unsere Arbeit richtig gut, aber wir haben noch viel zu tun.<\/li>\n<li>Unsere Arbeit hat signifikante Auswirkungen auf die zuk\u00fcnftige Ern\u00e4hrung und Gesundheit von Mensch und Tier und den Erhalt der Pflanzenvielfalt.<\/li>\n<li>Wir f\u00fchren Ver\u00e4nderungen in unserem Umfeld, unserer Gemeinde, unserem Land und unserer Welt herbei.<\/li>\n<li>Wir reden nicht nur \u00fcber unsere Arbeit, wir k\u00f6nnen sie auch belegen.<\/li>\n<li>Wir gehen mit Ihren zur Verf\u00fcgung gestellten Spenden verantwortlich und transparent um.<\/li>\n<li>Wir haben wundervolle und mitreissende Mitarbeiter und Unterst\u00fctzer, die ihre Arbeit leidenschaftlich tun.<\/li>\n<li>Wir behandeln alle Menschen mit Respekt, eingeschlossen Leidtragende, Spender, Mitarbeiter und Freiwillige.<\/li>\n<li>Wir reden nicht nur \u00fcber unsere Prinzipien, wir leben Sie auch selbst vor. Wir leben \u00f6kologisch, nachhaltig, engagiert und couragiert.<\/li>\n<li>Wir wissen, was wir erreichen wollen und wie andere zu unserem Erfolg beitragen k\u00f6nnen.<\/li>\n<\/ol>\n<hr \/>\n<h4>Jetzt einfach, schnell und sicher (verschl\u00fcsselt) spenden!<\/h4>\n<pre><code>\r\n<!-- Begin PayPal Donations by https:\/\/www.tipsandtricks-hq.com\/paypal-donations-widgets-plugin -->\n\n<form action=\"https:\/\/www.paypal.com\/cgi-bin\/webscr\" method=\"post\">\n    <div class=\"paypal-donations\">\n        <input type=\"hidden\" name=\"cmd\" value=\"_donations\" \/>\n        <input type=\"hidden\" name=\"bn\" value=\"TipsandTricks_SP\" \/>\n        <input type=\"hidden\" name=\"business\" value=\"info@stopptgennahrungsmittel.de\" \/>\n        <input type=\"hidden\" name=\"item_name\" value=\"10000\" \/>\n        <input type=\"hidden\" name=\"item_number\" value=\"Stoppt Gen-Nahrungsmittel\" \/>\n        <input type=\"hidden\" name=\"amount\" value=\"10\" \/>\n        <input type=\"hidden\" name=\"rm\" value=\"0\" \/>\n        <input type=\"hidden\" name=\"currency_code\" value=\"EUR\" \/>\n        <input type=\"hidden\" name=\"lc\" value=\"DE\" \/>\n        <input type=\"image\" style=\"cursor: pointer;\" src=\"https:\/\/www.paypalobjects.com\/de_DE\/DE\/i\/btn\/btn_donateCC_LG.gif\" name=\"submit\" alt=\"PayPal - The safer, easier way to pay online.\" \/>\n        <img loading=\"lazy\" decoding=\"async\" alt=\"\" src=\"https:\/\/www.paypalobjects.com\/en_US\/i\/scr\/pixel.gif\" width=\"1\" height=\"1\" \/>\n    <\/div>\n<\/form>\n<!-- End PayPal Donations -->\n<\/code><\/pre>\n<h4>oder konventionell auf unser Spendenkonto \u00fcberweisen:<\/h4>\n<p>Aktion GEN-Klage<br \/>\nKreissparkasse Gauting<br \/>\nIban: DE 42 7025 0150 0017 0237 63<br \/>\nBIC: BYLA DE M1KM S<\/p>\n","protected":false},"excerpt":{"rendered":"<p>10 Gr\u00fcnde &#8230; f\u00fcr Ihre Spende an Aktion GEN-Klage: Unsere Arbeit bewegt etwas bei sehr vielen Menschen. Sie setzen gro\u00dfe Hoffnung auf uns. Wir machen unsere Arbeit richtig gut, aber wir haben noch viel zu tun. Unsere Arbeit hat signifikante Auswirkungen auf die zuk\u00fcnftige Ern\u00e4hrung und Gesundheit von Mensch und\u2026<\/p>\n<p> <a class=\"continue-reading-link\" href=\"https:\/\/www.stopptgennahrungsmittel.de\/?page_id=21\"><span>weiter lesen &#8230;<\/span><i class=\"crycon-right-dir\"><\/i><\/a> <\/p>\n","protected":false},"author":1,"featured_media":0,"parent":0,"menu_order":0,"comment_status":"closed","ping_status":"closed","template":"","meta":{"jetpack_post_was_ever_published":false,"footnotes":""},"class_list":["post-21","page","type-page","status-publish","hentry"],"jetpack_sharing_enabled":true,"jetpack_shortlink":"https:\/\/wp.me\/P7YsNH-l","_links":{"self":[{"href":"https:\/\/www.stopptgennahrungsmittel.de\/index.php?rest_route=\/wp\/v2\/pages\/21","targetHints":{"allow":["GET"]}}],"collection":[{"href":"https:\/\/www.stopptgennahrungsmittel.de\/index.php?rest_route=\/wp\/v2\/pages"}],"about":[{"href":"https:\/\/www.stopptgennahrungsmittel.de\/index.php?rest_route=\/wp\/v2\/types\/page"}],"author":[{"embeddable":true,"href":"https:\/\/www.stopptgennahrungsmittel.de\/index.php?rest_route=\/wp\/v2\/users\/1"}],"replies":[{"embeddable":true,"href":"https:\/\/www.stopptgennahrungsmittel.de\/index.php?rest_route=%2Fwp%2Fv2%2Fcomments&post=21"}],"version-history":[{"count":26,"href":"https:\/\/www.stopptgennahrungsmittel.de\/index.php?rest_route=\/wp\/v2\/pages\/21\/revisions"}],"predecessor-version":[{"id":1225,"href":"https:\/\/www.stopptgennahrungsmittel.de\/index.php?rest_route=\/wp\/v2\/pages\/21\/revisions\/1225"}],"wp:attachment":[{"href":"https:\/\/www.stopptgennahrungsmittel.de\/index.php?rest_route=%2Fwp%2Fv2%2Fmedia&parent=21"}],"curies":[{"name":"wp","href":"https:\/\/api.w.org\/{rel}","templated":true}]}}