{"id":197,"date":"2014-12-17T15:36:37","date_gmt":"2014-12-17T15:36:37","guid":{"rendered":"http:\/\/www.stopptgennahrungsmittel.de\/?page_id=197"},"modified":"2017-10-05T09:08:30","modified_gmt":"2017-10-05T09:08:30","slug":"buch","status":"publish","type":"page","link":"https:\/\/www.stopptgennahrungsmittel.de\/?page_id=197","title":{"rendered":"B\u00fccher zur Aktion GEN-Klage"},"content":{"rendered":"<h4><strong>Agrogentechnik stoppen<\/strong><\/h4>\n<p><a href=\"http:\/\/www.stopptgennahrungsmittel.de\/wp-content\/uploads\/2014\/12\/Kopie-von-Umschlag-Verlauf_Seite_1.png\" rel=\"attachment wp-att-749\"><img loading=\"lazy\" decoding=\"async\" class=\"alignright wp-image-749\" src=\"http:\/\/www.stopptgennahrungsmittel.de\/wp-content\/uploads\/2014\/12\/Kopie-von-Umschlag-Verlauf_Seite_1-212x300.png\" alt=\"Kopie von Umschlag Verlauf_Seite_1\" width=\"250\" height=\"355\" srcset=\"https:\/\/www.stopptgennahrungsmittel.de\/wp-content\/uploads\/2014\/12\/Kopie-von-Umschlag-Verlauf_Seite_1-212x300.png 212w, https:\/\/www.stopptgennahrungsmittel.de\/wp-content\/uploads\/2014\/12\/Kopie-von-Umschlag-Verlauf_Seite_1.png 722w, https:\/\/www.stopptgennahrungsmittel.de\/wp-content\/uploads\/2014\/12\/Kopie-von-Umschlag-Verlauf_Seite_1-106x150.png 106w\" sizes=\"auto, (max-width: 250px) 100vw, 250px\" \/><\/a><em>Jeder kann aktiv gegen Menschenrechtsverletzungen, Freihandelsabkommen, Welthunger, Landraub, Vergiftung und Bodenzerst\u00f6rung vorgehen!<\/em><\/p>\n<p>Hier folgen nun die n\u00e4chsten \u2013 und zun\u00e4chst letzten \u2013 beiden Berichterstattungen zu den Folgen der Agrogentechnik in \u00d6sterreich (2013) und in Paraguay (2015). Auch hier hat sich der UN-Ausschuss mit seinen abschlie\u00dfenden Empfehlungen ganz klar gegen die Agrogentechnik an die beiden Regierungen gewandt.<\/p>\n<p>Das Buch ist im <span style=\"text-decoration: underline;\"><a href=\"http:\/\/shop.oeko-und-fair.de\/84-buecher\">\u00d6ko &amp; Fair <strong>Hofladen<\/strong><\/a><\/span> und im <strong>Buchhandel<\/strong> f\u00fcr \u20ac 12,00 (Wiederverk\u00e4uferrabatt 30 %) erh\u00e4ltlich. Davon gehen 2 \u20ac als Spende an meine internationale Netzwerk-Organisation &#8222;Aktion GEN-Klage&#8220;. (<a href=\"www.stopptgennahrungsmittel.de\">www.stopptgennahrungsmittel.de<\/a>)<\/p>\n<p>Mit den Spenden werden u.a. die Klagen vor dem Europ\u00e4ischen Gerichtshof, die Berichte f\u00fcr den UN-Ausschuss f\u00fcr wirtschaftliche, soziale und kulturelle Menschenrechte und von der Industrie unabh\u00e4ngige Forschungsprojekte unterst\u00fctzt.<\/p>\n<p>ISBN-Nummer: <span class=\"mt-text-content mt-table-detail\">3928359215<\/span><br \/>\n\u00a9 Christiane L\u00fcst 2016<br \/>\nulenspiegel-Verlag Andechs<br \/>\nulenspiegel druck gmbh Andechs<\/p>\n<p>Ich w\u00fcrde mich sehr freuen, wenn Sie in Ihrem Umfeld oder Verteiler das Buch bekannt machen. Gern komme ich auch zu einer Buchvorstellung oder Lesung zu Ihnen oder stelle eine Anzahl B\u00fccher f\u00fcr den Verkauf auf Kommission zur Verf\u00fcgung f\u00fcr Ihren Laden oder ihre Veranstaltung.<\/p>\n<p><strong>bei <a href=\"https:\/\/www.amazon.de\/dp\/3928359215\">Amazon<\/a> bestellen: <a href=\"https:\/\/www.amazon.de\/dp\/3928359215\">https:\/\/www.amazon.de\/dp\/3928359215<\/a><\/strong><\/p>\n<hr \/>\n<table>\n<tbody>\n<tr>\n<td style=\"text-align: left;\"><span id=\"result_box\" class=\"\" lang=\"en\"><span class=\"\">Book 1 + 2 summarized<br \/>\nEnglish version as pdf file for free<br \/>\n<\/span><\/span><\/td>\n<td style=\"text-align: left;\"><span class=\"gt-card-ttl-txt\"><span id=\"result_box\" class=\"\" lang=\"es\" tabindex=\"-1\">Libro 1 + 2 combined<br \/>\nversi\u00f3n en espa\u00f1ol <span class=\"\">como un archivo<\/span> PDF gratis<\/span><br \/>\n<\/span><\/td>\n<\/tr>\n<tr>\n<td><a href=\"http:\/\/www.stopptgennahrungsmittel.de\/wp-content\/uploads\/2016\/10\/Buch-englisch.pdf\"><img loading=\"lazy\" decoding=\"async\" class=\"alignleft wp-image-802 size-medium\" src=\"http:\/\/www.stopptgennahrungsmittel.de\/wp-content\/uploads\/2016\/10\/Titelblatt-englisch-212x300.jpg\" alt=\"titelblatt-englisch\" width=\"212\" height=\"300\" srcset=\"https:\/\/www.stopptgennahrungsmittel.de\/wp-content\/uploads\/2016\/10\/Titelblatt-englisch-212x300.jpg 212w, https:\/\/www.stopptgennahrungsmittel.de\/wp-content\/uploads\/2016\/10\/Titelblatt-englisch-768x1086.jpg 768w, https:\/\/www.stopptgennahrungsmittel.de\/wp-content\/uploads\/2016\/10\/Titelblatt-englisch-724x1024.jpg 724w, https:\/\/www.stopptgennahrungsmittel.de\/wp-content\/uploads\/2016\/10\/Titelblatt-englisch-106x150.jpg 106w, https:\/\/www.stopptgennahrungsmittel.de\/wp-content\/uploads\/2016\/10\/Titelblatt-englisch.jpg 794w\" sizes=\"auto, (max-width: 212px) 100vw, 212px\" \/><\/a><\/td>\n<td><a href=\"http:\/\/www.stopptgennahrungsmittel.de\/wp-content\/uploads\/2014\/12\/Buch-spanische-Fassung-10-17.pdf\"><img loading=\"lazy\" decoding=\"async\" class=\"alignleft wp-image-941 size-medium\" src=\"http:\/\/www.stopptgennahrungsmittel.de\/wp-content\/uploads\/2014\/12\/Seiten-aus-Buch-spanische-Fassung-10-17-212x300.jpg\" alt=\"\" width=\"212\" height=\"300\" srcset=\"https:\/\/www.stopptgennahrungsmittel.de\/wp-content\/uploads\/2014\/12\/Seiten-aus-Buch-spanische-Fassung-10-17-212x300.jpg 212w, https:\/\/www.stopptgennahrungsmittel.de\/wp-content\/uploads\/2014\/12\/Seiten-aus-Buch-spanische-Fassung-10-17-768x1086.jpg 768w, https:\/\/www.stopptgennahrungsmittel.de\/wp-content\/uploads\/2014\/12\/Seiten-aus-Buch-spanische-Fassung-10-17-724x1024.jpg 724w, https:\/\/www.stopptgennahrungsmittel.de\/wp-content\/uploads\/2014\/12\/Seiten-aus-Buch-spanische-Fassung-10-17-106x150.jpg 106w, https:\/\/www.stopptgennahrungsmittel.de\/wp-content\/uploads\/2014\/12\/Seiten-aus-Buch-spanische-Fassung-10-17.jpg 794w\" sizes=\"auto, (max-width: 212px) 100vw, 212px\" \/><\/a><\/td>\n<\/tr>\n<\/tbody>\n<\/table>\n<hr \/>\n<h4><strong><a href=\"http:\/\/www.stopptgennahrungsmittel.de\/wp-content\/uploads\/2014\/12\/luest-Regierungen.jpg\"><img loading=\"lazy\" decoding=\"async\" class=\"alignright wp-image-200\" src=\"http:\/\/www.stopptgennahrungsmittel.de\/wp-content\/uploads\/2014\/12\/luest-Regierungen.jpg\" alt=\"luest - Regierungen\" width=\"250\" height=\"387\" srcset=\"https:\/\/www.stopptgennahrungsmittel.de\/wp-content\/uploads\/2014\/12\/luest-Regierungen.jpg 550w, https:\/\/www.stopptgennahrungsmittel.de\/wp-content\/uploads\/2014\/12\/luest-Regierungen-193x300.jpg 193w, https:\/\/www.stopptgennahrungsmittel.de\/wp-content\/uploads\/2014\/12\/luest-Regierungen-96x150.jpg 96w\" sizes=\"auto, (max-width: 250px) 100vw, 250px\" \/><\/a>Christiane L\u00fcst &#8211; <\/strong><strong>Regierungen, die gentechnisch ver\u00e4nderte Nahrungsmittel zulassen, verletzen die Menschenrechte? \u2013 Agrogentechnik vor dem UN-Ausschuss f\u00fcr wirtschaftliche, soziale und kulturelle Menschenrechte <\/strong><\/h4>\n<p><em>Deutschland und die UN-Auflagen nach Gesundheitsschutz und Gensoja-Importstop<\/em><\/p>\n<p>Eine spanische und englische Fassung ist gerade in der \u00dcbersetzung und in K\u00fcrze auch als E-Book verf\u00fcgbar. Notwendig wurde das Buch aufgrund vieler Anfragen zu den Auflagen, die wir bei der UNO f\u00fcr die Regierungen erwirkt haben. Die NGOs weltweit, Menschenrechtsgruppen &#8211; oder auch das Menschenrechtstribunal ganz aktuell jetzt in Mexiko \u2013 k\u00f6nnen und sollen das Buch f\u00fcr ihre Arbeit nutzen. Denn: je mehr wir es schaffen, das Thema in die \u00d6ffentlichkeit zu tragen und die Auflagen bei den Regierungen von allen Seiten immer wieder \u00f6ffentlich einzufordern \u2013 umso eher ver\u00e4ndern wir etwas!<\/p>\n<p>Das Buch ist im <span style=\"text-decoration: underline;\"><a href=\"http:\/\/shop.oeko-und-fair.de\/84-buecher\"><strong>Hofladen<\/strong><\/a><\/span> und im <strong>Buchhandel<\/strong> f\u00fcr \u20ac 19,90 (Wiederverk\u00e4uferrabatt 30 %) erh\u00e4ltlich. Davon gehen 2 \u20ac als Spende an meine internationale Netzwerk-Organisation &#8222;Aktion GEN-Klage&#8220;. (<a href=\"www.stopptgennahrungsmittel.de\">www.stopptgennahrungsmittel.de<\/a>)<\/p>\n<p>Mit den Spenden werden u.a. die Klagen vor dem Europ\u00e4ischen Gerichtshof, die Berichte f\u00fcr den UN-Ausschuss f\u00fcr wirtschaftliche, soziale und kulturelle Menschenrechte und Forschungsprojekte unterst\u00fctzt.<\/p>\n<p>ISBN-Nummer: 978-3-86747-052-0<br \/>\n\u00a9 Christiane L\u00fcst 2013<br \/>\nSeitenhieb-Verlag Reiskirchen<br \/>\nulenspiegel druck gmbh Andechs<\/p>\n<p><strong>bei\u00a0<a href=\"https:\/\/www.amazon.de\/dp\/3867470529\" target=\"null\">Amazon<\/a> bestellen: <a href=\"https:\/\/www.amazon.de\/dp\/3867470529\">https:\/\/www.amazon.de\/dp\/3867470529<\/a><\/strong><\/p>\n<p>Ich w\u00fcrde mich sehr freuen, wenn Sie in Ihrem Umfeld oder Verteiler das Buch bekannt machen. Gern komme ich auch zu einer Buchvorstellung oder Lesung zu Ihnen oder stelle eine Anzahl B\u00fccher f\u00fcr den Verkauf auf Kommission zur Verf\u00fcgung f\u00fcr Ihren Laden oder ihre Veranstaltung.<\/p>\n<p>Hier ist ein kleiner Film zu meiner Arbeit:<\/p>\n<p><iframe loading=\"lazy\" src=\"\/\/www.youtube.com\/embed\/Jlz8bFG9jp4?feature=player_detailpage\" width=\"640\" height=\"360\" frameborder=\"0\" allowfullscreen=\"allowfullscreen\"><\/iframe><\/p>\n","protected":false},"excerpt":{"rendered":"<p>Agrogentechnik stoppen Jeder kann aktiv gegen Menschenrechtsverletzungen, Freihandelsabkommen, Welthunger, Landraub, Vergiftung und Bodenzerst\u00f6rung vorgehen! Hier folgen nun die n\u00e4chsten \u2013 und zun\u00e4chst letzten \u2013 beiden Berichterstattungen zu den Folgen der Agrogentechnik in \u00d6sterreich (2013) und in Paraguay (2015). Auch hier hat sich der UN-Ausschuss mit seinen abschlie\u00dfenden Empfehlungen ganz klar\u2026<\/p>\n<p> <a class=\"continue-reading-link\" href=\"https:\/\/www.stopptgennahrungsmittel.de\/?page_id=197\"><span>weiter lesen &#8230;<\/span><i class=\"crycon-right-dir\"><\/i><\/a> <\/p>\n","protected":false},"author":1,"featured_media":0,"parent":0,"menu_order":0,"comment_status":"closed","ping_status":"closed","template":"","meta":{"jetpack_post_was_ever_published":false,"footnotes":""},"class_list":["post-197","page","type-page","status-publish","hentry"],"jetpack_sharing_enabled":true,"jetpack_shortlink":"https:\/\/wp.me\/P7YsNH-3b","_links":{"self":[{"href":"https:\/\/www.stopptgennahrungsmittel.de\/index.php?rest_route=\/wp\/v2\/pages\/197","targetHints":{"allow":["GET"]}}],"collection":[{"href":"https:\/\/www.stopptgennahrungsmittel.de\/index.php?rest_route=\/wp\/v2\/pages"}],"about":[{"href":"https:\/\/www.stopptgennahrungsmittel.de\/index.php?rest_route=\/wp\/v2\/types\/page"}],"author":[{"embeddable":true,"href":"https:\/\/www.stopptgennahrungsmittel.de\/index.php?rest_route=\/wp\/v2\/users\/1"}],"replies":[{"embeddable":true,"href":"https:\/\/www.stopptgennahrungsmittel.de\/index.php?rest_route=%2Fwp%2Fv2%2Fcomments&post=197"}],"version-history":[{"count":25,"href":"https:\/\/www.stopptgennahrungsmittel.de\/index.php?rest_route=\/wp\/v2\/pages\/197\/revisions"}],"predecessor-version":[{"id":943,"href":"https:\/\/www.stopptgennahrungsmittel.de\/index.php?rest_route=\/wp\/v2\/pages\/197\/revisions\/943"}],"wp:attachment":[{"href":"https:\/\/www.stopptgennahrungsmittel.de\/index.php?rest_route=%2Fwp%2Fv2%2Fmedia&parent=197"}],"curies":[{"name":"wp","href":"https:\/\/api.w.org\/{rel}","templated":true}]}}