{"id":185,"date":"2014-12-17T09:29:27","date_gmt":"2014-12-17T09:29:27","guid":{"rendered":"http:\/\/www.stopptgennahrungsmittel.de\/?page_id=185"},"modified":"2014-12-27T17:12:07","modified_gmt":"2014-12-27T17:12:07","slug":"politik","status":"publish","type":"page","link":"https:\/\/www.stopptgennahrungsmittel.de\/?page_id=185","title":{"rendered":"Politik"},"content":{"rendered":"<h3>Unabh\u00e4ngigkeit?<\/h3>\n<p>Politiker und Parteien werden von Konzernen und deren Lobbyisten hart bedr\u00e4ngt.<\/p>\n<p>Einerseits nehmen Parteien hohe <a href=\"http:\/\/www.taz.de\/Parteispenden-Watch\/!t200\/#parteispenden-karte\">Parteispenden <\/a>um ihren Wahlkampf und ihren Machterhalt zu sichern, andererseits werden Politikern Honorare bezahlt und f\u00fcr ihre postparlamentarische Zeit hochdotierte Vorstands- und Aufsichtsratsposten versprochen.<\/p>\n<p><a href=\"http:\/\/www.stopptgennahrungsmittel.de\/wp-content\/uploads\/2014\/12\/Lobbycontrol-Logo-135px.png\"><img loading=\"lazy\" decoding=\"async\" class=\"alignright wp-image-316 size-full\" src=\"http:\/\/www.stopptgennahrungsmittel.de\/wp-content\/uploads\/2014\/12\/Lobbycontrol-Logo-135px.png\" alt=\"Lobbycontrol-Logo-135px\" width=\"135\" height=\"103\" \/><\/a><strong>Politik ist nicht unabh\u00e4ngig!<\/strong> siehe auch <a href=\"https:\/\/www.lobbycontrol.de\/\">https:\/\/www.lobbycontrol.de\/<\/a><\/p>\n<p>Dazu kommt, dass Politiker meist schlecht informiert, \u00fcberlastet und desinteressiert sind. Ein leichtes Spiel f\u00fcr industrielle Berater! Sie legen fertige Gesetzentw\u00fcrfe vor, die ihren Interessen entsprechen, die aber immer erst in fortgeschrittener Phase von B\u00fcrgern und NGO&#8217;s unter schwierigen Bedingungen und mit geringen Geldmitteln bek\u00e4mpft und abgewendet werden k\u00f6nnen.<\/p>\n<p><strong>Verwaltungen<\/strong>, insbesondere Ministerien verhalten sich nicht nach Wissen und Stand der Technik, sondern f\u00fcgen sich den Vorgaben der jeweiligen Regierung. Regierungen wollen auch in Zukuft ihre Macht erhalten und handeln stets in einer Richtung: Wachstum und Arbeitspl\u00e4tze! Wer die Regierung in der Hand hat, der hat auch die Administration in der Hand.<\/p>\n<p>Erschwerend kommt hinzu, dass es oft enge Beziehungen zwischen Beh\u00f6rden und Hochschulinstituten gibt. Als Beispiel sei das Bundesamt f\u00fcr Risikobewertung ( <a href=\"www.bfr.bund.de\/de\">www.bfr.bund.de\/de<\/a>) genannt. Es forscht und ber\u00e4t das Bundesministerium f\u00fcr Ern\u00e4hrung, Landwirtschaft und Verbraucherschutz, w\u00e4hrend es gleichzeitig Drittmittel von der Industrie annimmt, die wiederum Forschungsauftr\u00e4ge vergibt, als auch auf das Forschungsdesign Einfluss nimmt. Kein Wunder, dass von dieser Seite in der Hauptsache Beschwichtigungen zu zahlreichen Risiken kommen und so die Regierungsmeinung ihre Stromlinienform beh\u00e4lt. Der Kreis ist geschlossen und erscheint oft undurchdringlich.<\/p>\n<p>Wenn ein hoher Beamter schlie\u00dflich in Pension geht und sein Gewissen st\u00e4rker als seine Loyalit\u00e4t wird, dann kommen Einzelheiten einer vielschichtigen Korruption\u00a0 ans Tageslicht.<\/p>\n<h3>Widerstand<\/h3>\n<p>Wir betrachten es als unsere Aufgabe, ein Gegengewicht zur Industrielobby zu sein. Wir gehen \u00fcber die \u00d6ffentlichkeit, n\u00e4hren die berechtigte Emp\u00f6rung in der Bev\u00f6lkerung und planen Ma\u00dfnahmen, mit denen die gef\u00e4hrlichen Entwicklungen verhindert werden sollen. Notfalls gehen wir auch gerichtlich vor.<\/p>\n<hr \/>\n<p>&nbsp;<\/p>\n<p><iframe loading=\"lazy\" src=\"\/\/www.youtube.com\/embed\/AjqOJgPcN3w\" width=\"425\" height=\"350\"><\/iframe><\/p>\n<p>&nbsp;<\/p>\n","protected":false},"excerpt":{"rendered":"<p>Unabh\u00e4ngigkeit? Politiker und Parteien werden von Konzernen und deren Lobbyisten hart bedr\u00e4ngt. Einerseits nehmen Parteien hohe Parteispenden um ihren Wahlkampf und ihren Machterhalt zu sichern, andererseits werden Politikern Honorare bezahlt und f\u00fcr ihre postparlamentarische Zeit hochdotierte Vorstands- und Aufsichtsratsposten versprochen. Politik ist nicht unabh\u00e4ngig! siehe auch https:\/\/www.lobbycontrol.de\/ Dazu kommt, dass\u2026<\/p>\n<p> <a class=\"continue-reading-link\" href=\"https:\/\/www.stopptgennahrungsmittel.de\/?page_id=185\"><span>weiter lesen &#8230;<\/span><i class=\"crycon-right-dir\"><\/i><\/a> <\/p>\n","protected":false},"author":1,"featured_media":0,"parent":7,"menu_order":0,"comment_status":"closed","ping_status":"closed","template":"","meta":{"jetpack_post_was_ever_published":false,"footnotes":""},"class_list":["post-185","page","type-page","status-publish","hentry"],"jetpack_sharing_enabled":true,"jetpack_shortlink":"https:\/\/wp.me\/P7YsNH-2Z","_links":{"self":[{"href":"https:\/\/www.stopptgennahrungsmittel.de\/index.php?rest_route=\/wp\/v2\/pages\/185","targetHints":{"allow":["GET"]}}],"collection":[{"href":"https:\/\/www.stopptgennahrungsmittel.de\/index.php?rest_route=\/wp\/v2\/pages"}],"about":[{"href":"https:\/\/www.stopptgennahrungsmittel.de\/index.php?rest_route=\/wp\/v2\/types\/page"}],"author":[{"embeddable":true,"href":"https:\/\/www.stopptgennahrungsmittel.de\/index.php?rest_route=\/wp\/v2\/users\/1"}],"replies":[{"embeddable":true,"href":"https:\/\/www.stopptgennahrungsmittel.de\/index.php?rest_route=%2Fwp%2Fv2%2Fcomments&post=185"}],"version-history":[{"count":11,"href":"https:\/\/www.stopptgennahrungsmittel.de\/index.php?rest_route=\/wp\/v2\/pages\/185\/revisions"}],"predecessor-version":[{"id":526,"href":"https:\/\/www.stopptgennahrungsmittel.de\/index.php?rest_route=\/wp\/v2\/pages\/185\/revisions\/526"}],"up":[{"embeddable":true,"href":"https:\/\/www.stopptgennahrungsmittel.de\/index.php?rest_route=\/wp\/v2\/pages\/7"}],"wp:attachment":[{"href":"https:\/\/www.stopptgennahrungsmittel.de\/index.php?rest_route=%2Fwp%2Fv2%2Fmedia&parent=185"}],"curies":[{"name":"wp","href":"https:\/\/api.w.org\/{rel}","templated":true}]}}