{"id":160,"date":"2014-12-16T13:57:01","date_gmt":"2014-12-16T13:57:01","guid":{"rendered":"http:\/\/www.stopptgennahrungsmittel.de\/?page_id=160"},"modified":"2014-12-27T17:08:24","modified_gmt":"2014-12-27T17:08:24","slug":"sonstige-klagen","status":"publish","type":"page","link":"https:\/\/www.stopptgennahrungsmittel.de\/?page_id=160","title":{"rendered":"sonstige Klagen"},"content":{"rendered":"<h3>GVO-Verbot in Schutzgebieten<\/h3>\n<p>Im Jahr 2008 : Prozess gegen Monsanto wegen des Einsatzes von MON 810 in Schutzgebieten. Erfolg in allen Instanzen. Es ist das erste Mal, dass gegen Monsanto ein gerichtliches Anbauverbot erstritten wird. Auf diese Grundsatzentscheidung berufen sich seitdem immer mehr Beh\u00f6rden und setzen so erfolgreich Anbauverbote von GVO aus Gr\u00fcnden des Biodiversit\u00e4tsschutzes durch.<\/p>\n<hr \/>\n<h3>Freisetzungen in der Schweiz illegal?<\/h3>\n<p>Seit dem Jahr 2008 klagt ein Imker aus Kitzingen gegen eine Freisetzung gentechnisch ver\u00e4nderten Maises der Firma Pioneer. Unsere Argumente: Existenzvernichtung des Imkers wegen des drohenden Anbauverbots sowie (auf der Basis des Gutachtens von Lorch\/Then \u2013 Kontrolle oder Kollaboration) Interessenkonflikte in der Aufsichtsbeh\u00f6rde wegen zu gro\u00dfer N\u00e4he der Beamten zu den Saatgutkonzernen. In erster Instanz abgewiesen. Allerdings passierte in dem Prozess ein schwerer Verfahrensfehler: der vorsitzende Richter weigerte sich, die Interessenkonflikte bei den Beamten auch nur zu thematisieren und verstie\u00df damit gegen seine Pflicht zur Aufkl\u00e4rung des Sachverhalts. Wir legten daher Berufung ein und beanstanden jetzt zus\u00e4tzlich zu den o.a. Argumenten auch noch einen Versto\u00df des Richters gegen seine Aufkl\u00e4rungspflichten im ersten Prozess.<\/p>\n<hr \/>\n<h3>Sicherung von Gentechnikfreiheit in Ober\u00f6sterreich<\/h3>\n<p>Beratung der Regierung von Ober\u00f6sterreich bei einem Gesetzesvorhaben zur Sicherung von Gentechnikfreiheit in diesem Bundesland in den Jahren 2008 und 2009. Die Beratung war notwendig geworden, da Ober\u00f6sterreich in den Jahren 2004 bis 2007 mit einem \u00e4hnlichen Vorhaben bei EU-Kommission und Europ\u00e4ischen Gerichtshof gescheitert war. Die Entwicklung einer neuen Begr\u00fcndungsstrategie war erfolgreich und f\u00fchrte zu einer Akzeptanz des Kurses von Ober\u00f6sterreich zur Sicherung seiner Gentechnikfreiheit bei der EU-Kommission.<\/p>\n<hr \/>\n<p>&nbsp;<\/p>\n","protected":false},"excerpt":{"rendered":"<p>GVO-Verbot in Schutzgebieten Im Jahr 2008 : Prozess gegen Monsanto wegen des Einsatzes von MON 810 in Schutzgebieten. Erfolg in allen Instanzen. Es ist das erste Mal, dass gegen Monsanto ein gerichtliches Anbauverbot erstritten wird. Auf diese Grundsatzentscheidung berufen sich seitdem immer mehr Beh\u00f6rden und setzen so erfolgreich Anbauverbote von\u2026<\/p>\n<p> <a class=\"continue-reading-link\" href=\"https:\/\/www.stopptgennahrungsmittel.de\/?page_id=160\"><span>weiter lesen &#8230;<\/span><i class=\"crycon-right-dir\"><\/i><\/a> <\/p>\n","protected":false},"author":1,"featured_media":0,"parent":123,"menu_order":0,"comment_status":"closed","ping_status":"closed","template":"","meta":{"jetpack_post_was_ever_published":false,"footnotes":""},"class_list":["post-160","page","type-page","status-publish","hentry"],"jetpack_sharing_enabled":true,"jetpack_shortlink":"https:\/\/wp.me\/P7YsNH-2A","_links":{"self":[{"href":"https:\/\/www.stopptgennahrungsmittel.de\/index.php?rest_route=\/wp\/v2\/pages\/160","targetHints":{"allow":["GET"]}}],"collection":[{"href":"https:\/\/www.stopptgennahrungsmittel.de\/index.php?rest_route=\/wp\/v2\/pages"}],"about":[{"href":"https:\/\/www.stopptgennahrungsmittel.de\/index.php?rest_route=\/wp\/v2\/types\/page"}],"author":[{"embeddable":true,"href":"https:\/\/www.stopptgennahrungsmittel.de\/index.php?rest_route=\/wp\/v2\/users\/1"}],"replies":[{"embeddable":true,"href":"https:\/\/www.stopptgennahrungsmittel.de\/index.php?rest_route=%2Fwp%2Fv2%2Fcomments&post=160"}],"version-history":[{"count":4,"href":"https:\/\/www.stopptgennahrungsmittel.de\/index.php?rest_route=\/wp\/v2\/pages\/160\/revisions"}],"predecessor-version":[{"id":493,"href":"https:\/\/www.stopptgennahrungsmittel.de\/index.php?rest_route=\/wp\/v2\/pages\/160\/revisions\/493"}],"up":[{"embeddable":true,"href":"https:\/\/www.stopptgennahrungsmittel.de\/index.php?rest_route=\/wp\/v2\/pages\/123"}],"wp:attachment":[{"href":"https:\/\/www.stopptgennahrungsmittel.de\/index.php?rest_route=%2Fwp%2Fv2%2Fmedia&parent=160"}],"curies":[{"name":"wp","href":"https:\/\/api.w.org\/{rel}","templated":true}]}}