{"id":154,"date":"2014-12-16T13:54:58","date_gmt":"2014-12-16T13:54:58","guid":{"rendered":"http:\/\/www.stopptgennahrungsmittel.de\/?page_id=154"},"modified":"2015-01-02T13:31:20","modified_gmt":"2015-01-02T13:31:20","slug":"kommunen","status":"publish","type":"page","link":"https:\/\/www.stopptgennahrungsmittel.de\/?page_id=154","title":{"rendered":"Kommunen"},"content":{"rendered":"<p>Die Aktion GEN-Klage hat ein <strong>Gutachten<\/strong> \u00fcber rechtliche M\u00f6glichkeiten und Grenzen gentechnikfreier Kommunen in Auftrag gegeben und ber\u00e4t Kommunen und interessierte Antragssteller vor Ort, wie man eine gentechnikfreie Kommune \/ Landkreis beantragt und wie weit die rechtlichen M\u00f6glichkeiten auf der kommunalen Ebene reichen.<\/p>\n<p>Bitte nehmen Sie deswegen Kontakt mit uns auf.<br \/>\nBei Interesse bieten wir auch einen Vortragsabend dazu an.<\/p>\n","protected":false},"excerpt":{"rendered":"<p>Die Aktion GEN-Klage hat ein Gutachten \u00fcber rechtliche M\u00f6glichkeiten und Grenzen gentechnikfreier Kommunen in Auftrag gegeben und ber\u00e4t Kommunen und interessierte Antragssteller vor Ort, wie man eine gentechnikfreie Kommune \/ Landkreis beantragt und wie weit die rechtlichen M\u00f6glichkeiten auf der kommunalen Ebene reichen. Bitte nehmen Sie deswegen Kontakt mit uns\u2026<\/p>\n<p> <a class=\"continue-reading-link\" href=\"https:\/\/www.stopptgennahrungsmittel.de\/?page_id=154\"><span>weiter lesen &#8230;<\/span><i class=\"crycon-right-dir\"><\/i><\/a> <\/p>\n","protected":false},"author":1,"featured_media":0,"parent":123,"menu_order":0,"comment_status":"closed","ping_status":"closed","template":"","meta":{"jetpack_post_was_ever_published":false,"footnotes":""},"class_list":["post-154","page","type-page","status-publish","hentry"],"jetpack_sharing_enabled":true,"jetpack_shortlink":"https:\/\/wp.me\/P7YsNH-2u","_links":{"self":[{"href":"https:\/\/www.stopptgennahrungsmittel.de\/index.php?rest_route=\/wp\/v2\/pages\/154","targetHints":{"allow":["GET"]}}],"collection":[{"href":"https:\/\/www.stopptgennahrungsmittel.de\/index.php?rest_route=\/wp\/v2\/pages"}],"about":[{"href":"https:\/\/www.stopptgennahrungsmittel.de\/index.php?rest_route=\/wp\/v2\/types\/page"}],"author":[{"embeddable":true,"href":"https:\/\/www.stopptgennahrungsmittel.de\/index.php?rest_route=\/wp\/v2\/users\/1"}],"replies":[{"embeddable":true,"href":"https:\/\/www.stopptgennahrungsmittel.de\/index.php?rest_route=%2Fwp%2Fv2%2Fcomments&post=154"}],"version-history":[{"count":3,"href":"https:\/\/www.stopptgennahrungsmittel.de\/index.php?rest_route=\/wp\/v2\/pages\/154\/revisions"}],"predecessor-version":[{"id":569,"href":"https:\/\/www.stopptgennahrungsmittel.de\/index.php?rest_route=\/wp\/v2\/pages\/154\/revisions\/569"}],"up":[{"embeddable":true,"href":"https:\/\/www.stopptgennahrungsmittel.de\/index.php?rest_route=\/wp\/v2\/pages\/123"}],"wp:attachment":[{"href":"https:\/\/www.stopptgennahrungsmittel.de\/index.php?rest_route=%2Fwp%2Fv2%2Fmedia&parent=154"}],"curies":[{"name":"wp","href":"https:\/\/api.w.org\/{rel}","templated":true}]}}