{"id":15,"date":"2014-12-09T19:51:16","date_gmt":"2014-12-09T19:51:16","guid":{"rendered":"http:\/\/www.stopptgennahrungsmittel.de\/?page_id=15"},"modified":"2023-07-18T13:41:19","modified_gmt":"2023-07-18T13:41:19","slug":"medien","status":"publish","type":"page","link":"https:\/\/www.stopptgennahrungsmittel.de\/?page_id=15","title":{"rendered":"Medien"},"content":{"rendered":"\n<div class=\"wp-block-columns is-layout-flex wp-container-core-columns-is-layout-9d6595d7 wp-block-columns-is-layout-flex\">\n<div class=\"wp-block-column is-layout-flow wp-block-column-is-layout-flow\">\n<h3 class=\"wp-block-heading\">Philanthrokapitalismus und die Aush\u00f6hlung der Demokratie<\/h3>\n\n\n\n<p>In diesem Buch werden Beweise zusammengetragen und die Gefahren aufgezeigt, die von philanthropischen \u00bbEntwicklungen\u00ab ausgehen, die von Konzernen und einzelnen Milliard\u00e4ren in den Bereichen Agrartechnologie, Ern\u00e4hrung, Wissen und globale Gesundheitssysteme betrieben werden. <\/p>\n<\/div>\n\n\n\n<div class=\"wp-block-column is-layout-flow wp-block-column-is-layout-flow\">\n<figure class=\"wp-block-image size-full\"><a href=\"https:\/\/www.stopptgennahrungsmittel.de\/wp-content\/uploads\/2023\/07\/philanthrokapitalismus-buchcover.jpg\"><img loading=\"lazy\" decoding=\"async\" width=\"536\" height=\"764\" src=\"https:\/\/www.stopptgennahrungsmittel.de\/wp-content\/uploads\/2023\/07\/philanthrokapitalismus-buchcover.jpg\" alt=\"\" class=\"wp-image-1262\" srcset=\"https:\/\/www.stopptgennahrungsmittel.de\/wp-content\/uploads\/2023\/07\/philanthrokapitalismus-buchcover.jpg 536w, https:\/\/www.stopptgennahrungsmittel.de\/wp-content\/uploads\/2023\/07\/philanthrokapitalismus-buchcover-210x300.jpg 210w, https:\/\/www.stopptgennahrungsmittel.de\/wp-content\/uploads\/2023\/07\/philanthrokapitalismus-buchcover-105x150.jpg 105w\" sizes=\"auto, (max-width: 536px) 100vw, 536px\" \/><\/a><\/figure>\n<\/div>\n<\/div>\n\n\n\n<div class=\"wp-block-group\"><div class=\"wp-block-group__inner-container is-layout-flow wp-block-group-is-layout-flow\">\n<div class=\"wp-block-columns is-layout-flex wp-container-core-columns-is-layout-9d6595d7 wp-block-columns-is-layout-flex\">\n<div class=\"wp-block-column is-layout-flow wp-block-column-is-layout-flow\">\n<p>Diese Art von Philanthropie erm\u00f6glicht es einigen wenigen \u00bbAuserw\u00e4hlten\u00ab, Informationen und die Politik f\u00fcr ihren eigenen Profit zu manipulieren und damit Demokratien und Gesellschaften auf der ganzen Welt zu untergraben.<\/p>\n\n\n\n<p>In den letzten 30 Jahren hat sich der Philanthrokapitalismus zu einer entscheidenden Kraft entwickelt, die in der Lage ist, die internationale Agenda auf das falsche Gleis zu setzen, unsere Zukunft zu zerst\u00f6ren und unseren Planeten in den \u00f6kologischen Zusammenbruch zu f\u00fchren. In diesem Buch sehen wir, wie die Muster der technokratischen \u00bbL\u00f6sungen\u00ab durch \u00bbphilanthropische\u00ab Aktionen beschleunigt umgesetzt werden, vorangetrieben von einer unheiligen Allianz von Gro\u00dfkapital, Wissenschaft und Technologie, Institutionen und Staaten und entscheidend beeinflusst vom Gro\u00dfen Geld.<\/p>\n\n\n\n<p>\u00bbVandana Shiva ist eine der gro\u00dfen Denkerinnen und Wahrheitsverk\u00fcnderinnen unserer Zeit. Dieses Buch ist ein erschreckendes und akribisch erstelltes Expos\u00e9 des r\u00fccksichtslosen und verheerend gef\u00e4hrlichen Einsatzes der Philanthropie durch technophile Kapitalisten, die keine Ahnung von den Bed\u00fcrfnissen der Menschen und der lebendigen Erde haben. Eine Warnung, die jeder lesen sollte, dem Gerechtigkeit, die Erde und die Zukunft der Menschheit am Herzen liegt.\u00ab<br>David Korten, Autor von When Corporations Rule the World und The Great Turning: From Empire to Earth Community<\/p>\n\n\n\n<p>ISBN 978-3-89060-835-8<br>Klappenbroschur, 320 Seiten, 14,6 x 20,8 cm<br>32,00 \u20ac (D)\/32,90 \u20ac (A)<\/p>\n\n\n\n<p><a rel=\"noreferrer noopener\" href=\"https:\/\/shop.neueerde.de\/Neuerscheinungen\/Philanthrokapitalismus-und-die-Aushoehlung-der-Demokratie.html\" target=\"_blank\">Buch beim Neue Erde Verlag bestellen<\/a><\/p>\n<\/div>\n<\/div>\n<\/div><\/div>\n","protected":false},"excerpt":{"rendered":"<p>Philanthrokapitalismus und die Aush\u00f6hlung der Demokratie In diesem Buch werden Beweise zusammengetragen und die Gefahren aufgezeigt, die von philanthropischen \u00bbEntwicklungen\u00ab ausgehen, die von Konzernen und einzelnen Milliard\u00e4ren in den Bereichen Agrartechnologie, Ern\u00e4hrung, Wissen und globale Gesundheitssysteme betrieben werden. Diese Art von Philanthropie erm\u00f6glicht es einigen wenigen \u00bbAuserw\u00e4hlten\u00ab, Informationen und die\u2026<\/p>\n<p> <a class=\"continue-reading-link\" href=\"https:\/\/www.stopptgennahrungsmittel.de\/?page_id=15\"><span>weiter lesen &#8230;<\/span><i class=\"crycon-right-dir\"><\/i><\/a> <\/p>\n","protected":false},"author":1,"featured_media":0,"parent":0,"menu_order":0,"comment_status":"closed","ping_status":"closed","template":"","meta":{"jetpack_post_was_ever_published":false,"footnotes":""},"class_list":["post-15","page","type-page","status-publish","hentry"],"jetpack_sharing_enabled":true,"jetpack_shortlink":"https:\/\/wp.me\/P7YsNH-f","_links":{"self":[{"href":"https:\/\/www.stopptgennahrungsmittel.de\/index.php?rest_route=\/wp\/v2\/pages\/15","targetHints":{"allow":["GET"]}}],"collection":[{"href":"https:\/\/www.stopptgennahrungsmittel.de\/index.php?rest_route=\/wp\/v2\/pages"}],"about":[{"href":"https:\/\/www.stopptgennahrungsmittel.de\/index.php?rest_route=\/wp\/v2\/types\/page"}],"author":[{"embeddable":true,"href":"https:\/\/www.stopptgennahrungsmittel.de\/index.php?rest_route=\/wp\/v2\/users\/1"}],"replies":[{"embeddable":true,"href":"https:\/\/www.stopptgennahrungsmittel.de\/index.php?rest_route=%2Fwp%2Fv2%2Fcomments&post=15"}],"version-history":[{"count":3,"href":"https:\/\/www.stopptgennahrungsmittel.de\/index.php?rest_route=\/wp\/v2\/pages\/15\/revisions"}],"predecessor-version":[{"id":1270,"href":"https:\/\/www.stopptgennahrungsmittel.de\/index.php?rest_route=\/wp\/v2\/pages\/15\/revisions\/1270"}],"wp:attachment":[{"href":"https:\/\/www.stopptgennahrungsmittel.de\/index.php?rest_route=%2Fwp%2Fv2%2Fmedia&parent=15"}],"curies":[{"name":"wp","href":"https:\/\/api.w.org\/{rel}","templated":true}]}}