{"id":148,"date":"2014-12-16T13:53:14","date_gmt":"2014-12-16T13:53:14","guid":{"rendered":"http:\/\/www.stopptgennahrungsmittel.de\/?page_id=148"},"modified":"2014-12-23T14:27:07","modified_gmt":"2014-12-23T14:27:07","slug":"forschung","status":"publish","type":"page","link":"https:\/\/www.stopptgennahrungsmittel.de\/?page_id=148","title":{"rendered":"Forschung"},"content":{"rendered":"<p>Seit sich der Staat aus der Finanzierung der Hochschulen immer mehr zur\u00fcckgezogen hat und seit Drittmittel bei der Industrie f\u00fcr den Erhalt von Lehrst\u00fchlen und Instituten akkquiriert werden m\u00fcssen, ist die Unabh\u00e4ngigkeit von Wissenschaft, Lehre und Forschung St\u00fcck f\u00fcr St\u00fcck verloren gegangen.<\/p>\n<p>Diese unselige Verquickung von Interessen f\u00fchrt zu einer Filterung von Forschungsauftr\u00e4gen und von Forschungsdesign, so dass Ergebnisse vorgegeben werden. F\u00fchrt ein Forschungsvorhaben nicht zum gew\u00fcnschten Ergebnis, so findet dies oftmals in der Zusammenfassung der Studie keine Erw\u00e4hnung.<\/p>\n<p>Eine interessante Seite, die sich mit dem Thema ausf\u00fchrlich besch\u00e4ftigt ist das <a href=\"http:\/\/www.gen-ethisches-netzwerk.de\/gid\/195\/bergstedt\/sicherheitsforschung-tarnnetz-deutscher-agrogentechnik\">gen-ethische Netzwerk<\/a><\/p>\n<p><a href=\"http:\/\/www.stopptgennahrungsmittel.de\/wp-content\/uploads\/2014\/12\/61sDsNT9SDL.jpg\"><img loading=\"lazy\" decoding=\"async\" class=\"alignright wp-image-330\" src=\"http:\/\/www.stopptgennahrungsmittel.de\/wp-content\/uploads\/2014\/12\/61sDsNT9SDL.jpg\" alt=\"61sDsNT9SDL\" width=\"230\" height=\"237\" srcset=\"https:\/\/www.stopptgennahrungsmittel.de\/wp-content\/uploads\/2014\/12\/61sDsNT9SDL.jpg 485w, https:\/\/www.stopptgennahrungsmittel.de\/wp-content\/uploads\/2014\/12\/61sDsNT9SDL-291x300.jpg 291w, https:\/\/www.stopptgennahrungsmittel.de\/wp-content\/uploads\/2014\/12\/61sDsNT9SDL-145x150.jpg 145w\" sizes=\"auto, (max-width: 230px) 100vw, 230px\" \/><\/a>Besonders drastisch kommt dies auch im Buch von J\u00f6rg Bergstedt &#8222;Monsanto auf Deutsch&#8220; zum Ausdruck.<\/p>\n<p>und hier ist der Vortrag zum Buch, den J\u00f6rg Bergstedt am 28.10.2011 in der Schweiz gehalten hat.<\/p>\n<p><iframe loading=\"lazy\" src=\"\/\/www.youtube.com\/embed\/7irrmjbBa30\" width=\"425\" height=\"350\"><\/iframe><\/p>\n<p>Vielen Dank J\u00f6rg, f\u00fcr Deinen selbstlosen Einsatz!<\/p>\n<hr \/>\n<h3><a href=\"http:\/\/www.stopptgennahrungsmittel.de\/wp-content\/uploads\/2014\/12\/Plakat.jpg\"><img loading=\"lazy\" decoding=\"async\" class=\"  wp-image-447 alignright\" src=\"http:\/\/www.stopptgennahrungsmittel.de\/wp-content\/uploads\/2014\/12\/Plakat.jpg\" alt=\"Plakat\" width=\"309\" height=\"437\" srcset=\"https:\/\/www.stopptgennahrungsmittel.de\/wp-content\/uploads\/2014\/12\/Plakat.jpg 453w, https:\/\/www.stopptgennahrungsmittel.de\/wp-content\/uploads\/2014\/12\/Plakat-212x300.jpg 212w, https:\/\/www.stopptgennahrungsmittel.de\/wp-content\/uploads\/2014\/12\/Plakat-106x150.jpg 106w\" sizes=\"auto, (max-width: 309px) 100vw, 309px\" \/> <\/a>Universit\u00e4t Rostock 02.04.2014<\/h3>\n<p class=\"left\">Vortrag in der Wirtschafts- und Sozialwisenschaftlichen Fakult\u00e4t \u00fcber mein Buch &#8222;<i>Regierungen, die gentechnisch erzeugte Nahrungsmittel zulassen, verletzten die Menschenrechte<\/i>&#8222;. Veranstalter waren der ASTA und der BUND Mecklenburg Vorpommern.<\/p>\n<div id=\"attachment_446\" style=\"width: 310px\" class=\"wp-caption alignleft\"><a href=\"http:\/\/www.stopptgennahrungsmittel.de\/wp-content\/uploads\/2014\/12\/2014-04-02-18.37.40.jpg\"><img loading=\"lazy\" decoding=\"async\" aria-describedby=\"caption-attachment-446\" class=\"wp-image-446 size-medium\" src=\"http:\/\/www.stopptgennahrungsmittel.de\/wp-content\/uploads\/2014\/12\/2014-04-02-18.37.40-300x200.jpg\" alt=\"2014-04-02 18.37.40\" width=\"300\" height=\"200\" srcset=\"https:\/\/www.stopptgennahrungsmittel.de\/wp-content\/uploads\/2014\/12\/2014-04-02-18.37.40-300x200.jpg 300w, https:\/\/www.stopptgennahrungsmittel.de\/wp-content\/uploads\/2014\/12\/2014-04-02-18.37.40.jpg 1024w, https:\/\/www.stopptgennahrungsmittel.de\/wp-content\/uploads\/2014\/12\/2014-04-02-18.37.40-225x150.jpg 225w, https:\/\/www.stopptgennahrungsmittel.de\/wp-content\/uploads\/2014\/12\/2014-04-02-18.37.40-150x100.jpg 150w\" sizes=\"auto, (max-width: 300px) 100vw, 300px\" \/><\/a><p id=\"caption-attachment-446\" class=\"wp-caption-text\">Andreas und Ute Strau\u00df<\/p><\/div>\n<p class=\"left\">Vorher Besuch auf dem ehemaligen Versuchsfeld in Sagerheide neben dem Grundst\u00fcck von Andreas und Ute Strau\u00df: Nichts mehr zu sehen vom Freilandversuch. Keine Z\u00e4une, keine Polizei, kein Verfassungsschutz. Dieses Runde haben die Agrogentechnik-Gegner gewonnen.<\/p>\n<p>&nbsp;<\/p>\n","protected":false},"excerpt":{"rendered":"<p>Seit sich der Staat aus der Finanzierung der Hochschulen immer mehr zur\u00fcckgezogen hat und seit Drittmittel bei der Industrie f\u00fcr den Erhalt von Lehrst\u00fchlen und Instituten akkquiriert werden m\u00fcssen, ist die Unabh\u00e4ngigkeit von Wissenschaft, Lehre und Forschung St\u00fcck f\u00fcr St\u00fcck verloren gegangen. Diese unselige Verquickung von Interessen f\u00fchrt zu einer\u2026<\/p>\n<p> <a class=\"continue-reading-link\" href=\"https:\/\/www.stopptgennahrungsmittel.de\/?page_id=148\"><span>weiter lesen &#8230;<\/span><i class=\"crycon-right-dir\"><\/i><\/a> <\/p>\n","protected":false},"author":1,"featured_media":0,"parent":7,"menu_order":2,"comment_status":"closed","ping_status":"closed","template":"","meta":{"jetpack_post_was_ever_published":false,"footnotes":""},"class_list":["post-148","page","type-page","status-publish","hentry"],"jetpack_sharing_enabled":true,"jetpack_shortlink":"https:\/\/wp.me\/P7YsNH-2o","_links":{"self":[{"href":"https:\/\/www.stopptgennahrungsmittel.de\/index.php?rest_route=\/wp\/v2\/pages\/148","targetHints":{"allow":["GET"]}}],"collection":[{"href":"https:\/\/www.stopptgennahrungsmittel.de\/index.php?rest_route=\/wp\/v2\/pages"}],"about":[{"href":"https:\/\/www.stopptgennahrungsmittel.de\/index.php?rest_route=\/wp\/v2\/types\/page"}],"author":[{"embeddable":true,"href":"https:\/\/www.stopptgennahrungsmittel.de\/index.php?rest_route=\/wp\/v2\/users\/1"}],"replies":[{"embeddable":true,"href":"https:\/\/www.stopptgennahrungsmittel.de\/index.php?rest_route=%2Fwp%2Fv2%2Fcomments&post=148"}],"version-history":[{"count":10,"href":"https:\/\/www.stopptgennahrungsmittel.de\/index.php?rest_route=\/wp\/v2\/pages\/148\/revisions"}],"predecessor-version":[{"id":449,"href":"https:\/\/www.stopptgennahrungsmittel.de\/index.php?rest_route=\/wp\/v2\/pages\/148\/revisions\/449"}],"up":[{"embeddable":true,"href":"https:\/\/www.stopptgennahrungsmittel.de\/index.php?rest_route=\/wp\/v2\/pages\/7"}],"wp:attachment":[{"href":"https:\/\/www.stopptgennahrungsmittel.de\/index.php?rest_route=%2Fwp%2Fv2%2Fmedia&parent=148"}],"curies":[{"name":"wp","href":"https:\/\/api.w.org\/{rel}","templated":true}]}}