{"id":145,"date":"2014-12-16T13:51:49","date_gmt":"2014-12-16T13:51:49","guid":{"rendered":"http:\/\/www.stopptgennahrungsmittel.de\/?page_id=145"},"modified":"2018-10-16T14:04:04","modified_gmt":"2018-10-16T14:04:04","slug":"argentinien-2","status":"publish","type":"page","link":"https:\/\/www.stopptgennahrungsmittel.de\/?page_id=145","title":{"rendered":"Argentinien"},"content":{"rendered":"<p><a href=\"http:\/\/www.stopptgennahrungsmittel.de\/wp-content\/uploads\/2018\/09\/Flag_of_Argentina.png\"><img loading=\"lazy\" decoding=\"async\" class=\"alignright wp-image-1032\" src=\"http:\/\/www.stopptgennahrungsmittel.de\/wp-content\/uploads\/2018\/09\/Flag_of_Argentina-300x188.png\" alt=\"\" width=\"150\" height=\"94\" srcset=\"https:\/\/www.stopptgennahrungsmittel.de\/wp-content\/uploads\/2018\/09\/Flag_of_Argentina-300x188.png 300w, https:\/\/www.stopptgennahrungsmittel.de\/wp-content\/uploads\/2018\/09\/Flag_of_Argentina-768x480.png 768w, https:\/\/www.stopptgennahrungsmittel.de\/wp-content\/uploads\/2018\/09\/Flag_of_Argentina-1024x640.png 1024w, https:\/\/www.stopptgennahrungsmittel.de\/wp-content\/uploads\/2018\/09\/Flag_of_Argentina-150x94.png 150w, https:\/\/www.stopptgennahrungsmittel.de\/wp-content\/uploads\/2018\/09\/Flag_of_Argentina.png 2000w\" sizes=\"auto, (max-width: 150px) 100vw, 150px\" \/><\/a><\/p>\n<hr \/>\n<h3 data-canvas-width=\"442.8003057920002\">UN-Concludings 2018<\/h3>\n<div id=\"attachment_1089\" style=\"width: 160px\" class=\"wp-caption alignnone\"><a href=\"http:\/\/www.stopptgennahrungsmittel.de\/wp-content\/uploads\/2018\/10\/E_C-12_ARG_CO_4_32783_S.pdf\"><img loading=\"lazy\" decoding=\"async\" aria-describedby=\"caption-attachment-1089\" class=\"wp-image-1089 size-thumbnail\" src=\"http:\/\/www.stopptgennahrungsmittel.de\/wp-content\/uploads\/2018\/10\/Seiten-aus-E_C-12_ARG_CO_4_32783_S-150x150.jpg\" alt=\"\" width=\"150\" height=\"150\" \/><\/a><p id=\"caption-attachment-1089\" class=\"wp-caption-text\">espagnol<\/p><\/div>\n<p>Die wichtigsten Ausz\u00fcge \u00fcbersetzt:<\/p>\n<h4><span id=\"result_box\" class=\"short_text\" lang=\"de\" tabindex=\"-1\"><span class=\"\">Institutioneller Rahmen der Sozialpolitik<\/span><\/span><\/h4>\n<p><span id=\"result_box\" lang=\"de\" tabindex=\"-1\">8<\/span><span id=\"result_box\" lang=\"de\" tabindex=\"-1\">. Der Ausschuss empfiehlt, dass der Vertragsstaat die Entscheidungsautonomie und die Funktionen dieser Sekretariate garantiert und dass sie die Budgets, insbesondere in den Bereichen Gesundheit, Arbeit und Umwelt, aufrechterh\u00e4lt und gegebenenfalls erh\u00f6ht.<\/span><\/p>\n<h4><span id=\"result_box\" class=\"short_text\" lang=\"de\" tabindex=\"-1\">Indigene V\u00f6lker und Territorien<\/span><\/h4>\n<p><span id=\"result_box\" lang=\"de\" tabindex=\"-1\">18. Der Ausschuss ist besorgt dar\u00fcber, dass die Erhebung \u00fcber die Ureinwohnergemeinschaften, die Abgrenzung ihrer Gebiete und das Verbot der R\u00e4umung von Landgebieten indigener Gemeinschaften, das durch das Gesetz 26,160 vorgesehen ist, nicht umfassend durchgef\u00fchrt werden. Der Ausschuss ist dar\u00fcber hinaus besorgt, dass der Mechanismus f\u00fcr die Verbriefung von L\u00e4ndereien, die urspr\u00fcnglich von indigenen V\u00f6lkern besiedelt waren, noch nicht absehbar ist. Schlie\u00dflich ist der Ausschuss sehr besorgt \u00fcber die Rodung von mehr als 120.000 Hektar im Jahr 2017, viele von ihnen in gesch\u00fctzten W\u00e4ldern und trotz der Anzeigen der indigenen Gemeinschaften (Artikel 1 (2)).<\/span><\/p>\n<p><strong><span id=\"result_box\" class=\"short_text\" lang=\"de\" tabindex=\"-1\"><span class=\"\">19. Der Ausschuss empfiehlt dem Vertragsstaat:<\/span><\/span><\/strong><\/p>\n<p><span id=\"result_box\" class=\"\" lang=\"de\" tabindex=\"-1\">(b) Durchf\u00fchrung einer partizipativen Evaluierungsstudie mit indigenen V\u00f6lkern \u00fcber die Auswirkungen auf ihre wirtschaftlichen, sozialen und kulturellen Rechte, insbesondere Gesundheit, bevor die Nutzung nat\u00fcrlicher Ressourcen genehmigt wird.<br \/>\n<span class=\"\">(c) Gew\u00e4hrleistung eines angemessenen Budgets und angemessener personeller Ressourcen f\u00fcr das Nationale Institut f\u00fcr Indigene Angelegenheiten, um den Abschluss der Untersuchung der L\u00e4nder indigener Gemeinschaften sicherzustellen.<\/span><\/span><\/p>\n<p><span id=\"result_box\" class=\"\" lang=\"de\" tabindex=\"-1\"><strong><span id=\"result_box\" class=\"short_text\" lang=\"de\" tabindex=\"-1\">46. Der Ausschuss empfiehlt dem Vertragsstaat:<\/span><\/strong><br \/>\n<\/span><\/p>\n<p><span id=\"result_box\" class=\"\" lang=\"de\" tabindex=\"-1\"><span class=\"\">(a) Verabschiedung eines normativen Rahmens, der ausdr\u00fccklich das Recht auf Nahrung anerkennt und der \u00f6ffentliche Ma\u00dfnahmen zur Gew\u00e4hrleistung einer gesunden, nahrhaften und ausreichenden Ern\u00e4hrung, insbesondere f\u00fcr benachteiligte Gruppen, vorsieht,<\/span><br \/>\n<span class=\"\">(b) Gew\u00e4hrleistung der wirksamen Umsetzung des Familienagrargesetzes Nr. 27.118 durch unverz\u00fcgliche Annahme der entsprechenden Verordnung und Zuweisung der angemessenen H\u00f6he der Finanzierung in allen Provinzen;<br \/>\n(c) St\u00e4rkung der Sicherheit der Landbesitzverh\u00e4ltnisse von Bauerngemeinschaften und indigenen V\u00f6lkern.<\/span><\/span><\/p>\n<h4><span id=\"result_box\" class=\"short_text\" lang=\"de\" tabindex=\"-1\">Wohnen<\/span><\/h4>\n<p><span id=\"result_box\" class=\"\" lang=\"de\" tabindex=\"-1\">47. Der Ausschuss ist besorgt \u00fcber den Anstieg der informellen Siedlungen ohne Zugang zu grundlegenden Dienstleistungen, w\u00e4hrend der Haushalt f\u00fcr die Wohnungspolitik erheblich gek\u00fcrzt wurde. Der Ausschuss ist besorgt, dass es mehr als 4000 informelle Siedlungen im Vertragsstaat gibt und dass mehr als 10% der H\u00e4user keinen Trinkwasseranschluss haben und mehr als 30% keine Abwasserdienste haben. Der Ausschuss ist dar\u00fcber hinaus besorgt dar\u00fcber, dass ein unangemessener normativer Rahmen f\u00fcr Zwangsr\u00e4umungen und f\u00fcr dokumentierte Klagen von Zwangsr\u00e4umungen existiert, die ohne Aktionsprotokolle und mit Gewaltanwendung durchgef\u00fchrt wurden. <span class=\"\">Schlie\u00dflich ist der Ausschuss besorgt \u00fcber die negativen Auswirkungen von Spekulation auf Land, Eigentum, Geb\u00e4ude und \u00fcber die Zug\u00e4nglichkeit und Bezahlbarkeit von Wohnungen (Artikel 11).<\/span><\/span><\/p>\n<p><span id=\"result_box\" class=\"\" lang=\"de\" tabindex=\"-1\"><strong><span class=\"\">48. Der Ausschuss empfiehlt dem Vertragsstaat:<\/span><\/strong><br \/>\n<span class=\"\">(a) Verabschiedung eines normativen und institutionellen Rahmens, einschlie\u00dflich von Protokollen f\u00fcr die \u00f6ffentliche Intervention von Zwangsr\u00e4umungen;<\/span> zu <span class=\"\">\u00e4ndern ist auch der bestehende regressive Rechtsrahmen in Bezug auf die R\u00e4umung, insbesondere Gesetzentwurf S899 \/ 16 und die Gesetze Nr. 24.441 und Nr. 17.091 sowie das Dekret PEN 103\/2017;<\/span><br \/>\n<span class=\"\">(b) Umsetzung angemessener L\u00f6sungen f\u00fcr das Ausma\u00df der Wohnungsnotprobleme des Landes, Ausweitung des Umfangs und Verbesserung der Bewertung \u00f6ffentlicher Belange, einschlie\u00dflich der Erstellung vollst\u00e4ndiger und aktualisierter \u00f6ffentlicher Informationen \u00fcber den Zugang zu Wohnraum und Daten \u00fcber Zwangsr\u00e4umungen.<\/span><br \/>\n<span class=\"\">(c) Durchf\u00fchrung einer Studie \u00fcber die Auswirkungen der Bodenspekulation, die Ma\u00dfnahmen zu deren Kontrolle erm\u00f6glicht, um die Bezahlbarkeit von Wohnraum f\u00fcr benachteiligte Sektoren zu gew\u00e4hrleisten.<\/span><br \/>\n<span class=\"\">(d) St\u00e4rkung der Ma\u00dfnahmen zur Bereitstellung von gut gelegenen st\u00e4dtischen Fl\u00e4chen f\u00fcr die Entwicklung von Sozialwohnungen.<\/span><\/span><\/p>\n<h4>Gesundheit<\/h4>\n<p><span id=\"result_box\" class=\"\" lang=\"de\" tabindex=\"-1\"><span class=\"\">49.\u00a0\u00a0 Der Ausschuss ist besorgt \u00fcber die Verschlechterung der Gesundheitsinfrastruktur in bestimmten Regionen des Vertragsstaates, die sich im Falle zus\u00e4tzlicher K\u00fcrzungen der Gesundheitsbudgets und einer m\u00f6glichen Schw\u00e4chung der \u00dcberwachungsfunktion des Bundes aufgrund der Verschlechterung des Ministeriums verschlimmern k\u00f6nnte<\/span> Gesundheitsministerium in Secretary of State (Artikel 12).<br \/>\n50. \u00a0 <span class=\"\">Der Ausschuss empfiehlt dem Vertragsstaat, die Gesundheitsdienste zu verbessern und einen gleichberechtigten Zugang zu einem qualitativ hochwertigen Gesundheitsdienst zu gew\u00e4hrleisten.<\/span> <span class=\"\">Der Ausschuss fordert den Vertragsstaat au\u00dferdem auf, die notwendige Autonomie sowie ausreichende personelle, technische und finanzielle Ressourcen f\u00fcr das neue Gesundheitsministerium sicherzustellen, um die Umsetzung der Gesundheitspolitik angemessen zu f\u00f6rdern und zu \u00fcberwachen.<\/span><\/span><\/p>\n<h4><span id=\"result_box\" class=\"short_text\" lang=\"de\" tabindex=\"-1\"><span class=\"\">Landwirtschaft, gesunde Umwelt und Gesundheit.<\/span><\/span><\/h4>\n<p><span id=\"result_box\" class=\"\" lang=\"de\" tabindex=\"-1\"><span class=\"\">59. Der Ausschuss ist sehr besorgt \u00fcber die Zunahme des Einsatzes von Pestiziden und Herbiziden, einschlie\u00dflich Glyphosat, trotz der schwerwiegenden negativen Auswirkungen auf die Gesundheit und die Umwelt vieler von ihnen, insbesondere von Glyphosat, das als wahrscheinlich krebserregend <\/span><span class=\"\">von der Internationalen Agentur f\u00fcr Krebsforschung (IARC) der Weltgesundheitsorganisation eingesch\u00e4tzt wird. (Artikel 12).<\/span><br \/>\n<span class=\"\">60. Der Ausschuss empfiehlt dem Vertragsstaat, einen Regelungsrahmen zu verabschieden, der die Anwendung des Vorsorgeprinzips in Bezug auf die Verwendung sch\u00e4dlicher Pestizide und Herbizide, insbesondere von Glyphosat, einschlie\u00dft, um negative Auswirkungen auf die Gesundheit und die Umweltzerst\u00f6rung durch ihre Verwendung zu verhindern<\/span><span class=\"\">.<\/span> <span class=\"\">Der Ausschuss verweist den Vertragsstaat auf seine allgemeine Bemerkung Nr.<\/span> <span class=\"\">14 (2000), auf das Recht auf das h\u00f6chstm\u00f6gliche Gesundheitsniveau.<\/span><\/span><\/p>\n<p>&nbsp;<\/p>\n<hr \/>\n<h3 data-canvas-width=\"442.8003057920002\">Parallelbericht 2018<\/h3>\n<table>\n<tbody>\n<tr>\n<td>\n<p><div id=\"attachment_1063\" style=\"width: 160px\" class=\"wp-caption alignnone\"><a href=\"http:\/\/http:\/\/www.stopptgennahrungsmittel.de\/wp-content\/uploads\/2018\/09\/Parallelbericht-Argentinien-dt.-Endfassung-2018.pdf\"><img loading=\"lazy\" decoding=\"async\" aria-describedby=\"caption-attachment-1063\" class=\"wp-image-1063 size-thumbnail\" src=\"http:\/\/www.stopptgennahrungsmittel.de\/wp-content\/uploads\/2018\/09\/Parallelbericht-Argentinien-dt.-Endfassung-2018_Seite_01-150x150.jpg\" alt=\"\" width=\"150\" height=\"150\" \/><\/a><p id=\"caption-attachment-1063\" class=\"wp-caption-text\">deutsch<\/p><\/div><\/td>\n<td>\n<p><div id=\"attachment_1064\" style=\"width: 160px\" class=\"wp-caption alignnone\"><a href=\"http:\/\/www.stopptgennahrungsmittel.de\/wp-content\/uploads\/2018\/10\/18.10.01.-English-version-SUMMARY-OF-THE-PARALLEL-REPORT-TO-THE-4\u00b0-REPORT-ARGENTINA-NU-.pdf\"><img loading=\"lazy\" decoding=\"async\" aria-describedby=\"caption-attachment-1064\" class=\"wp-image-1064 size-thumbnail\" src=\"http:\/\/www.stopptgennahrungsmittel.de\/wp-content\/uploads\/2018\/09\/parallelreport-Argentine-summary-ingles_Seite_1-150x150.jpg\" alt=\"\" width=\"150\" height=\"150\" \/><\/a><p id=\"caption-attachment-1064\" class=\"wp-caption-text\">summary english<\/p><\/div><\/td>\n<td>\n<p><div id=\"attachment_1062\" style=\"width: 160px\" class=\"wp-caption alignnone\"><a href=\"http:\/\/www.stopptgennahrungsmittel.de\/wp-content\/uploads\/2018\/09\/Argentinien-parallel-report-spanisch-Endversion-Aug.-18.pdf\"><img loading=\"lazy\" decoding=\"async\" aria-describedby=\"caption-attachment-1062\" class=\"wp-image-1062 size-thumbnail\" src=\"http:\/\/www.stopptgennahrungsmittel.de\/wp-content\/uploads\/2018\/09\/Seiten-aus-Argentinien-parallel-report-spanisch-Endversion-Aug.-18-150x150.jpg\" alt=\"\" width=\"150\" height=\"150\" \/><\/a><p id=\"caption-attachment-1062\" class=\"wp-caption-text\">espagnol<\/p><\/div><\/td>\n<\/tr>\n<\/tbody>\n<\/table>\n<hr \/>\n<h3 data-canvas-width=\"442.8003057920002\">Parallelbericht 2011<\/h3>\n<table>\n<tbody>\n<tr>\n<td>\n<p><div id=\"attachment_866\" style=\"width: 160px\" class=\"wp-caption alignnone\"><a href=\"http:\/\/www.stopptgennahrungsmittel.de\/wp-content\/uploads\/2014\/12\/parallelreport-Argentinien-1.pdf\"><img loading=\"lazy\" decoding=\"async\" aria-describedby=\"caption-attachment-866\" class=\"wp-image-866 size-thumbnail\" src=\"http:\/\/www.stopptgennahrungsmittel.de\/wp-content\/uploads\/2014\/12\/1.Seite-aus-parallelreport-Argentinien-150x150.jpg\" alt=\"\" width=\"150\" height=\"150\" \/><\/a><p id=\"caption-attachment-866\" class=\"wp-caption-text\">deutsch<\/p><\/div><\/td>\n<td>\n<p><div id=\"attachment_862\" style=\"width: 160px\" class=\"wp-caption alignnone\"><a href=\"http:\/\/www.stopptgennahrungsmittel.de\/wp-content\/uploads\/2014\/12\/Argentinien-engl.-Endversion-2011.pdf\"><img loading=\"lazy\" decoding=\"async\" aria-describedby=\"caption-attachment-862\" class=\"wp-image-862 size-thumbnail\" src=\"http:\/\/www.stopptgennahrungsmittel.de\/wp-content\/uploads\/2014\/12\/1.Seite-aus-Argentinien-engl.-Endversion-2011-150x150.jpg\" alt=\"\" width=\"150\" height=\"150\" \/><\/a><p id=\"caption-attachment-862\" class=\"wp-caption-text\">english<\/p><\/div><\/td>\n<td>\n<p><div id=\"attachment_861\" style=\"width: 160px\" class=\"wp-caption alignnone\"><a href=\"http:\/\/www.stopptgennahrungsmittel.de\/wp-content\/uploads\/2014\/12\/Argentinien-spanische-Endfassung.pdf\"><img loading=\"lazy\" decoding=\"async\" aria-describedby=\"caption-attachment-861\" class=\"wp-image-861 size-thumbnail\" src=\"http:\/\/www.stopptgennahrungsmittel.de\/wp-content\/uploads\/2014\/12\/1.-Seite-aus-Argentinien-spanische-Endfassung-150x150.jpg\" alt=\"\" width=\"150\" height=\"150\" \/><\/a><p id=\"caption-attachment-861\" class=\"wp-caption-text\">espagnol<\/p><\/div><\/td>\n<\/tr>\n<\/tbody>\n<\/table>\n<hr \/>\n<h3>UN-Concludings<\/h3>\n<table>\n<tbody>\n<tr>\n<td><\/td>\n<td><\/td>\n<td><\/td>\n<\/tr>\n<\/tbody>\n<\/table>\n<h3>Pressemeldung 7.12.2011<\/h3>\n<p>Gauting \/ Genf<\/p>\n<h4>\u00a0<strong>UN kritisiert erneut GVO in der Landwirtschaft<\/strong><\/h4>\n<h5>\u00a0<strong>N\u00e4chster gro\u00dfer Erfolg gegen GVO in der Landwirtschaft:<\/strong><\/h5>\n<p>Das UN-Komitee f\u00fcr wirtschaftliche, soziale und kulturelle Menschenrechte kritisiert die Nutzung von GVO in der Landwirtschaft in Argentinien und verlangt von der argentinischen Regierung dringende Ma\u00dfnahmen, um die traditionellen Anbaumethoden der indigenen D\u00f6rfer zu erhalten und ihren Zugang zu sicherer, ad\u00e4quater und bezahlbarer Nahrung sicherzustellen, Entwaldung zu stoppen und die Indigenas in Entscheidungen, die ihr Umfeld betreffen, mit einzubeziehen.<\/p>\n<p>Die argentinische NGO GRR und die Gr\u00fcnderin des internationalen Netzwerkes Aktion GENKlage, Christiane L\u00fcst reichten zusammen einen Parallelbericht beim UN-Ausschuss f\u00fcr wirtschaftliche, soziale und kulturelle Menschenrechte ein gegen die argentinische Regierung &#8211; \u00fcber die fatalen Konsequenzen einer h\u00f6chst besorgniserregenden globalen Entwicklung &#8211; gegen den Anbau von GEN-Soja in Argentinien. Das verletzt schwer die wirtschaftlichen, sozialen und kulturellen Rechte der argentinischen Bev\u00f6lkerung, der Bauern und Imker. Argentinien ist eines der L\u00e4nder, das weltweit am meisten davon betroffen ist!<\/p>\n<p>Das UN-Komitee hat nun \u2013 nach einer 3-w\u00f6chigen Sitzung \u2013 die concluding observations ver\u00f6ffentlicht \u2013 die Aufforderung an die argentinische Regierung Menschenrechtsverletzungen in Argentinien, u. a. auch verursacht durch die Nutzung von GVO in der Landwirtschaft umgehend zu stoppen. Hier der Textauszug des Komittees:<\/p>\n<h4>\u00a0<em>10.<\/em><\/h4>\n<p><em>Das Komitee ist betroffen \u00fcber die F\u00e4lle, in welchem die gestiegene Nutzung von chemischen Pestiziden und transgenem Soja in Regionen, die traditionell von indigenen Gemeinschaften bewohnt oder genutzt werden, sich negativ auf diese Gemeinschaften ausgewirkt haben. Es besorgt das Komitee, dass diesen Gemeinschaften es zunehmend erschwert wird, ihre traditionellen Anbaumethoden aufrecht zu erhalten, und das dies als eine Konsequenz ein wichtiges Hindernis f\u00fcr den Zugang zu sicherer, ad\u00e4quater und bezahlbarer Nahrung wird.<\/em><\/p>\n<p><em>Das Komitee stellt ebenso mit Besorgnis das Ausma\u00df der Abholzung der Urw\u00e4lder fest, welches indigene Einwohner gezwungen hat ihre traditionell bewohnten und genutzten Territorien zu verlassen, und das trotz \u00a7 2633 des Waldschutzgesetzes. Das Komitee ist weiter betroffen \u00fcber die Tatsache, dass die genannten Aktivit\u00e4ten oft ohne eine effektive vorherige Konsultation der betroffenen Bev\u00f6lkerungsgruppen ausgef\u00fchrt werden.<\/em><\/p>\n<p><em><strong>Das Komitee fordert daher die Regierung auf, sicherzustellen, dass der Lebensunterhalt der indigenen Gemeinschaften und ihre wirtschaftlichen, sozialen und kulturellen Menschenrechte effektiv gesch\u00fctzt werden und institutionelle und prozedurale Garantien zu entwickeln, um die effektive Teilnahme der indigenen Gemeinschaften in Entscheidungsprozessen, die sie betreffen, zu sichern. Das Komitee verlangt auch, dass die Regierung die volle Umsetzung des Gesetzes Nr. 2633 und anderer Gesetze, die den Schutz von nicht wieder herzustellenden Ressourcen durch die Regierung mit dem Schwerpunkt Entwaldung zu stoppen, sicherstellt. <\/strong><\/em><\/p>\n<h5>Kontakt:<\/h5>\n<p><strong>Federico Aliaga<\/strong><br \/>\nGrupo de Reflexi\u00f3n Rural<br \/>\nEntre R\u00edos 85<br \/>\nBella Vista<br \/>\nBuenos Aires, Argentina,<br \/>\nwww.grr.org.ar<br \/>\nTel: (+54 11) 4666-5327\u00a0\u00a0 \/ (+54 11) 156-271-7524<br \/>\nMail: fedali2[at]hotmail.com<\/p>\n","protected":false},"excerpt":{"rendered":"<p>UN-Concludings 2018 Die wichtigsten Ausz\u00fcge \u00fcbersetzt: Institutioneller Rahmen der Sozialpolitik 8. Der Ausschuss empfiehlt, dass der Vertragsstaat die Entscheidungsautonomie und die Funktionen dieser Sekretariate garantiert und dass sie die Budgets, insbesondere in den Bereichen Gesundheit, Arbeit und Umwelt, aufrechterh\u00e4lt und gegebenenfalls erh\u00f6ht. Indigene V\u00f6lker und Territorien 18. Der Ausschuss ist\u2026<\/p>\n<p> <a class=\"continue-reading-link\" href=\"https:\/\/www.stopptgennahrungsmittel.de\/?page_id=145\"><span>weiter lesen &#8230;<\/span><i class=\"crycon-right-dir\"><\/i><\/a> <\/p>\n","protected":false},"author":1,"featured_media":0,"parent":11,"menu_order":0,"comment_status":"closed","ping_status":"closed","template":"","meta":{"jetpack_post_was_ever_published":false,"footnotes":""},"class_list":["post-145","page","type-page","status-publish","hentry"],"jetpack_sharing_enabled":true,"jetpack_shortlink":"https:\/\/wp.me\/P7YsNH-2l","_links":{"self":[{"href":"https:\/\/www.stopptgennahrungsmittel.de\/index.php?rest_route=\/wp\/v2\/pages\/145","targetHints":{"allow":["GET"]}}],"collection":[{"href":"https:\/\/www.stopptgennahrungsmittel.de\/index.php?rest_route=\/wp\/v2\/pages"}],"about":[{"href":"https:\/\/www.stopptgennahrungsmittel.de\/index.php?rest_route=\/wp\/v2\/types\/page"}],"author":[{"embeddable":true,"href":"https:\/\/www.stopptgennahrungsmittel.de\/index.php?rest_route=\/wp\/v2\/users\/1"}],"replies":[{"embeddable":true,"href":"https:\/\/www.stopptgennahrungsmittel.de\/index.php?rest_route=%2Fwp%2Fv2%2Fcomments&post=145"}],"version-history":[{"count":20,"href":"https:\/\/www.stopptgennahrungsmittel.de\/index.php?rest_route=\/wp\/v2\/pages\/145\/revisions"}],"predecessor-version":[{"id":1095,"href":"https:\/\/www.stopptgennahrungsmittel.de\/index.php?rest_route=\/wp\/v2\/pages\/145\/revisions\/1095"}],"up":[{"embeddable":true,"href":"https:\/\/www.stopptgennahrungsmittel.de\/index.php?rest_route=\/wp\/v2\/pages\/11"}],"wp:attachment":[{"href":"https:\/\/www.stopptgennahrungsmittel.de\/index.php?rest_route=%2Fwp%2Fv2%2Fmedia&parent=145"}],"curies":[{"name":"wp","href":"https:\/\/api.w.org\/{rel}","templated":true}]}}