{"id":13,"date":"2014-12-09T19:51:01","date_gmt":"2014-12-09T19:51:01","guid":{"rendered":"http:\/\/www.stopptgennahrungsmittel.de\/?page_id=13"},"modified":"2021-04-30T13:54:44","modified_gmt":"2021-04-30T13:54:44","slug":"literatur","status":"publish","type":"page","link":"https:\/\/www.stopptgennahrungsmittel.de\/?page_id=13","title":{"rendered":"Literatur"},"content":{"rendered":"<h3>Steven M. Druker<\/h3>\n<h4 class=\"no-margin-top\" data-behavior=\"productTitle\"><a href=\"https:\/\/www.stopptgennahrungsmittel.de\/wp-content\/uploads\/2021\/04\/47121110z.jpg\"><img loading=\"lazy\" decoding=\"async\" class=\"alignright size-medium wp-image-1150\" src=\"https:\/\/www.stopptgennahrungsmittel.de\/wp-content\/uploads\/2021\/04\/47121110z-201x300.jpg\" alt=\"\" width=\"201\" height=\"300\" srcset=\"https:\/\/www.stopptgennahrungsmittel.de\/wp-content\/uploads\/2021\/04\/47121110z-201x300.jpg 201w, https:\/\/www.stopptgennahrungsmittel.de\/wp-content\/uploads\/2021\/04\/47121110z-101x150.jpg 101w, https:\/\/www.stopptgennahrungsmittel.de\/wp-content\/uploads\/2021\/04\/47121110z.jpg 402w\" sizes=\"auto, (max-width: 201px) 100vw, 201px\" \/><\/a><strong>Manipulierte Gene &#8211; Verdrehte Wahrheit<\/strong><\/h4>\n<p>Wie mit dem Wagnis, unsere Nahrung gentechnisch zu ver\u00e4ndern, die Wissenschaft untergraben, die Regierung korrumpiert und die \u00d6ffentlichkeit systematisch get\u00e4uscht wurde<\/p>\n<p>Ein sorgf\u00e4ltig recheriertes Buch \u00fcber die unverantwortlichen Machenschaften der Bef\u00fcrworter von gentechnisch ver\u00e4nderter Nahrung und deren Zusammenarbeit mit Gro\u00dfkonzernen, Wissenschaft und Politik, der US Food and Drug Aministration sowie der Medien und der bewussten T\u00e4uschung und dem <span class=\"additional\"> Betrug an der Bev\u00f6lkerung<\/span><\/p>\n<p>Kamphausen Media GmbH<br \/>\nISBN: 9783958831476<br \/>\n\u20ac 29.99<\/p>\n<h4><\/h4>\n<hr \/>\n<h4><strong>Brosch\u00fcre von TEST BIOTECH zu neuer Gentechnologie<\/strong><\/h4>\n<p><a href=\"http:\/\/www.stopptgennahrungsmittel.de\/wp-content\/uploads\/2014\/12\/Seiten-aus-Testbiotech_Neue-Gentechnikverfahren.jpg\"><img loading=\"lazy\" decoding=\"async\" class=\"alignright wp-image-829 size-medium\" src=\"http:\/\/www.stopptgennahrungsmittel.de\/wp-content\/uploads\/2014\/12\/Seiten-aus-Testbiotech_Neue-Gentechnikverfahren-212x300.jpg\" width=\"212\" height=\"300\" srcset=\"https:\/\/www.stopptgennahrungsmittel.de\/wp-content\/uploads\/2014\/12\/Seiten-aus-Testbiotech_Neue-Gentechnikverfahren-212x300.jpg 212w, https:\/\/www.stopptgennahrungsmittel.de\/wp-content\/uploads\/2014\/12\/Seiten-aus-Testbiotech_Neue-Gentechnikverfahren-768x1086.jpg 768w, https:\/\/www.stopptgennahrungsmittel.de\/wp-content\/uploads\/2014\/12\/Seiten-aus-Testbiotech_Neue-Gentechnikverfahren-724x1024.jpg 724w, https:\/\/www.stopptgennahrungsmittel.de\/wp-content\/uploads\/2014\/12\/Seiten-aus-Testbiotech_Neue-Gentechnikverfahren-106x150.jpg 106w, https:\/\/www.stopptgennahrungsmittel.de\/wp-content\/uploads\/2014\/12\/Seiten-aus-Testbiotech_Neue-Gentechnikverfahren.jpg 794w\" sizes=\"auto, (max-width: 212px) 100vw, 212px\" \/><\/a><a href=\"http:\/\/www.stopptgennahrungsmittel.de\/wp-content\/uploads\/2014\/12\/Testbiotech_Neue-Gentechnikverfahren.pdf\">Testbiotech_Neue Gentechnikverfahren (PDF)<\/a><\/p>\n<p>5 Forderungen:<\/p>\n<h4>Die biologische Vielfalt sch\u00fctzen!<\/h4>\n<p>Wenn gentechnisch ver\u00e4nderte Organismen ihr Erbgut in nat\u00fcrlichen Populationen verbreiten, gleicht dies einem Eingriff in die ,Keimbahn\u2018 der biologischen Vielfalt. Dies wird sich auf alle k\u00fcnftigen Generationen der betroffenen Arten und somit auch auf das \u00d6kosystem insgesamt auswirken. Wir fordern wirksame Ma\u00dfnahmen gegen eine unkontrollierte Ausbreitung gentechnisch ver\u00e4nderter Organismen.<\/p>\n<h4>Umwelt &amp; Gesundheit sch\u00fctzen!<\/h4>\n<p>In der EU sind bereits \u00fcber 50 verschiedene gentechnisch ver\u00e4nderte Pflanzen f\u00fcr die Verwendung in Lebens- und Futtermitteln zugelassen. Die Nutzung solcher Pflanzen ist mit zu vielen Risiken und Unsicherheiten verbunden. Wir fordern, dass dem Schutz von Umwelt und Gesundheit Vorrang vor wirtschaftlichen Interessen einger\u00e4umt wird.<\/p>\n<h4>Die Wahlfreiheit sichern!<\/h4>\n<p>Gegenw\u00e4rtig erm\u00f6glichen die Standards der EU den Schutz der gentechnikfreien Lebensmittelerzeugung und die Reinhaltung von Saatgut. Au\u00dferdem ist eine verpflichtende Kennzeichnung f\u00fcr Produkte aus gentechnisch ver\u00e4nderten Organismen vorgeschrieben.\u00a0 Freihandelsabkommen wie CETA bedrohen diese Standards nun. Wir fordern, dass die Wahlfreiheit gew\u00e4hrleistet bleibt \u2013 sie muss Vorrang gegen\u00fcber den Interessen des freien Handels haben.<\/p>\n<h4>Die Macht der Konzerne beschr\u00e4nken!<\/h4>\n<p>Gro\u00dfe Gentechnik-Konzerne kontrollieren nicht nur mit Patenten den Verkauf, sondern auch die Forschung an ihrem Gentechnik-Saatgut. Zudem nehmen industrienahe Experten vielfach Einfluss auf Beh\u00f6rden und Gremien, die mit der Risikobewertung gentechnisch\u00a0 ver\u00e4nderter Pflanzen betraut sind. Wir fordern die St\u00e4rkung unabh\u00e4ngiger Risikoforschung. Der Einfluss der Industrie auf Risikoforschung und Zulassungspraxis muss zur\u00fcckgedr\u00e4ngt werden.<\/p>\n<hr \/>\n<h4><strong><a href=\"http:\/\/www.stopptgennahrungsmittel.de\/wp-content\/uploads\/2014\/12\/luest-Regierungen.jpg\"><img loading=\"lazy\" decoding=\"async\" class=\"alignright wp-image-200 size-medium\" src=\"http:\/\/www.stopptgennahrungsmittel.de\/wp-content\/uploads\/2014\/12\/luest-Regierungen-193x300.jpg\" alt=\"luest - Regierungen\" width=\"193\" height=\"300\" srcset=\"https:\/\/www.stopptgennahrungsmittel.de\/wp-content\/uploads\/2014\/12\/luest-Regierungen-193x300.jpg 193w, https:\/\/www.stopptgennahrungsmittel.de\/wp-content\/uploads\/2014\/12\/luest-Regierungen-96x150.jpg 96w, https:\/\/www.stopptgennahrungsmittel.de\/wp-content\/uploads\/2014\/12\/luest-Regierungen.jpg 550w\" sizes=\"auto, (max-width: 193px) 100vw, 193px\" \/><\/a>Christiane L\u00fcst &#8211; <\/strong><strong>Regierungen, die gentechnisch ver\u00e4nderte Nahrungsmittel zulassen, verletzen die Menschenrechte? \u2013 Agrogentechnik vor dem UN-Ausschuss f\u00fcr wirtschaftliche, soziale und kulturelle Menschenrechte <\/strong><\/h4>\n<p>Deutschland und die UN-Auflagen nach Gesundheitsschutz und Gensoja-Importstop<\/p>\n<p>Eine spanische und englische Fassung ist gerade in der \u00dcbersetzung und in K\u00fcrze auch als E-Book verf\u00fcgbar. Notwendig wurde das Buch aufgrund vieler Anfragen zu den Auflagen, die wir bei der UNO f\u00fcr die Regierungen erwirkt haben. Die NGOs weltweit, Menschenrechtsgruppen &#8211; oder auch das Menschenrechtstribunal ganz aktuell jetzt in Mexiko \u2013 k\u00f6nnen und sollen das Buch f\u00fcr ihre Arbeit nutzen. Denn: je mehr wir es schaffen, das Thema in die \u00d6ffentlichkeit zu tragen und die Auflagen bei den Regierungen von allen Seiten immer wieder \u00f6ffentlich einzufordern \u2013 umso eher ver\u00e4ndern wir etwas!<\/p>\n<p>Das Buch ist im <strong>Hofladen<\/strong> und im <strong>Buchhandel<\/strong> f\u00fcr \u20ac 19,90 (Wiederverk\u00e4uferrabatt 30 %) erh\u00e4ltlich. Davon gehen 2 \u20ac als Spende an meine internationale Netzwerk-Organisation &#8222;Aktion GEN-Klage&#8220;. (<a href=\"www.stopptgennahrungsmittel.de\">www.stopptgennahrungsmittel.de<\/a>) (Die Site wird in K\u00fcrze \u00fcberarbeitet)<\/p>\n<p>Mit den Spenden werden u.a. die Klagen vor dem Europ\u00e4ischen Gerichtshof, die Berichte f\u00fcr den UN-Ausschuss f\u00fcr wirtschaftliche, soziale und kulturelle Menschenrechte und Forschungsprojekte unterst\u00fctzt.<\/p>\n<p>ISBN-Nummer: 978-3-86747-052-0<br \/>\nChristiane L\u00fcst 2013<br \/>\nSeitenhieb-Verlag Reiskirchen<br \/>\nulenspiegel druck gmbh Andechs<\/p>\n<p><strong>bei Amazon: <\/strong><a href=\"http:\/\/www.amazon.de\/gp\/product\/3867470529\/\">http:\/\/www.amazon.de\/gp\/product\/3867470529\/<\/a><\/p>\n<hr \/>\n<h3><a href=\"http:\/\/www.stopptgennahrungsmittel.de\/wp-content\/uploads\/2014\/12\/Schadensbericht-GEntechnik-B%C3%96LW-Then.pdf\"><img loading=\"lazy\" decoding=\"async\" class=\"alignright wp-image-523 size-medium\" src=\"http:\/\/www.stopptgennahrungsmittel.de\/wp-content\/uploads\/2014\/12\/Seiten-aus-Schadensbericht-GEntechnik-B\u00d6LW-Then-212x300.jpg\" alt=\"Seiten aus Schadensbericht GEntechnik B\u00d6LW Then\" width=\"212\" height=\"300\" srcset=\"https:\/\/www.stopptgennahrungsmittel.de\/wp-content\/uploads\/2014\/12\/Seiten-aus-Schadensbericht-GEntechnik-B\u00d6LW-Then-212x300.jpg 212w, https:\/\/www.stopptgennahrungsmittel.de\/wp-content\/uploads\/2014\/12\/Seiten-aus-Schadensbericht-GEntechnik-B\u00d6LW-Then-724x1024.jpg 724w, https:\/\/www.stopptgennahrungsmittel.de\/wp-content\/uploads\/2014\/12\/Seiten-aus-Schadensbericht-GEntechnik-B\u00d6LW-Then-106x150.jpg 106w, https:\/\/www.stopptgennahrungsmittel.de\/wp-content\/uploads\/2014\/12\/Seiten-aus-Schadensbericht-GEntechnik-B\u00d6LW-Then.jpg 1364w\" sizes=\"auto, (max-width: 212px) 100vw, 212px\" \/><\/a><a href=\"http:\/\/www.stopptgennahrungsmittel.de\/wp-content\/uploads\/2014\/12\/Schadensbericht-GEntechnik-B\u00d6LW-Then.pdf\">Schadensbericht GEntechnik B\u00d6LW Then<\/a><\/h3>\n<p>&nbsp;<\/p>\n<p>&nbsp;<\/p>\n<p>&nbsp;<\/p>\n<p>&nbsp;<\/p>\n<p>&nbsp;<\/p>\n<p>&nbsp;<\/p>\n<p>&nbsp;<\/p>\n<hr \/>\n<h3>GENFOOD<\/h3>\n<h2><a href=\"http:\/\/www.stopptgennahrungsmittel.de\/wp-content\/uploads\/2014\/12\/cover_genfood_gr_Kopie.jpg\"><img loading=\"lazy\" decoding=\"async\" class=\" size-medium wp-image-528 alignright\" src=\"http:\/\/www.stopptgennahrungsmittel.de\/wp-content\/uploads\/2014\/12\/cover_genfood_gr_Kopie-226x300.jpg\" alt=\"umschlag_genfood_RZ.indd\" width=\"226\" height=\"300\" srcset=\"https:\/\/www.stopptgennahrungsmittel.de\/wp-content\/uploads\/2014\/12\/cover_genfood_gr_Kopie-226x300.jpg 226w, https:\/\/www.stopptgennahrungsmittel.de\/wp-content\/uploads\/2014\/12\/cover_genfood_gr_Kopie-113x150.jpg 113w, https:\/\/www.stopptgennahrungsmittel.de\/wp-content\/uploads\/2014\/12\/cover_genfood_gr_Kopie.jpg 297w\" sizes=\"auto, (max-width: 226px) 100vw, 226px\" \/><\/a>Das aktuelle Handbuch<\/h2>\n<p>von Max Annas und J\u00fcrgen Binder<\/p>\n<p>15 x 20 cm | 208 Seiten | Klappenbroschur<br \/>\n\u20ac\u00a0 15,- (D) | \u20ac 15,50 (A) | SFr 20,90 (CH)<br \/>\nISBN 978-3-936086-45-4<\/p>\n<hr \/>\n<h3>Sicherheitsrisiko Gentechnik<\/h3>\n<p><a href=\"http:\/\/www.stopptgennahrungsmittel.de\/wp-content\/uploads\/2014\/12\/cover_risiko_o-p_gr.jpg\"><img loading=\"lazy\" decoding=\"async\" class=\" size-medium wp-image-530 alignright\" src=\"http:\/\/www.stopptgennahrungsmittel.de\/wp-content\/uploads\/2014\/12\/cover_risiko_o-p_gr-226x300.jpg\" alt=\"cover_risiko_RZ.indd\" width=\"226\" height=\"300\" srcset=\"https:\/\/www.stopptgennahrungsmittel.de\/wp-content\/uploads\/2014\/12\/cover_risiko_o-p_gr-226x300.jpg 226w, https:\/\/www.stopptgennahrungsmittel.de\/wp-content\/uploads\/2014\/12\/cover_risiko_o-p_gr-113x150.jpg 113w, https:\/\/www.stopptgennahrungsmittel.de\/wp-content\/uploads\/2014\/12\/cover_risiko_o-p_gr.jpg 297w\" sizes=\"auto, (max-width: 226px) 100vw, 226px\" \/><\/a>von \u00c1rp\u00e1d Pusztai und Susan Bard\u00f3cz<br \/>\nBeitr\u00e4ge von Hans R. Herren und Ant\u00f4nio In\u00e1cio Andrioli<br \/>\n<strong><br \/>\nmit DVD<\/strong> \u00bb\u00c1rp\u00e1d Pusztai, Whistleblower\u00ab<\/p>\n<p>15 x 20 cm | 180 Seiten | Fadenheftung, broschiert<br \/>\n\u20ac 18,- (D) | \u20ac 18,50 (A) | SFr 24,90 (CH)<br \/>\nISBN 978-3-936086-50-8<\/p>\n<hr \/>\n<h3><a href=\"http:\/\/www.stopptgennahrungsmittel.de\/wp-content\/uploads\/2014\/12\/Wirbelsturm_und_Flaechenbrand_-_Cover.jpg\"><img loading=\"lazy\" decoding=\"async\" class=\" size-medium wp-image-531 alignright\" src=\"http:\/\/www.stopptgennahrungsmittel.de\/wp-content\/uploads\/2014\/12\/Wirbelsturm_und_Flaechenbrand_-_Cover-205x300.jpg\" alt=\"Wirbelsturm_und_Flaechenbrand_-_Cover\" width=\"205\" height=\"300\" srcset=\"https:\/\/www.stopptgennahrungsmittel.de\/wp-content\/uploads\/2014\/12\/Wirbelsturm_und_Flaechenbrand_-_Cover-205x300.jpg 205w, https:\/\/www.stopptgennahrungsmittel.de\/wp-content\/uploads\/2014\/12\/Wirbelsturm_und_Flaechenbrand_-_Cover-102x150.jpg 102w, https:\/\/www.stopptgennahrungsmittel.de\/wp-content\/uploads\/2014\/12\/Wirbelsturm_und_Flaechenbrand_-_Cover.jpg 500w\" sizes=\"auto, (max-width: 205px) 100vw, 205px\" \/><\/a><\/h3>\n<h3>Wirbelsturm und Fl\u00e4chenbrand<\/h3>\n<h3>das Ende der Gentechnik von Klaus Fai\u00dfner<\/h3>\n<ul>\n<li>\u00a0<b>Broschiert:<\/b> 160 Seiten<\/li>\n<li>V<b>erlag:<\/b> Fai\u00dfner, Klaus (Januar 2010)<\/li>\n<li><b>Sprache:<\/b> Deutsch<\/li>\n<li><b>ISBN-10:<\/b> 320001749X<\/li>\n<li><b>ISBN-13:<\/b> 978-3200017498<\/li>\n<li><b> Gr\u00f6\u00dfe und\/oder Gewicht: <\/b> 22 x 15,2 x 1,2 cm<\/li>\n<\/ul>\n<p>&nbsp;<\/p>\n<hr \/>\n<h3><span class=\"fn\"><span dir=\"ltr\">AGRO-Gentechnik: die Saat des B\u00f6sen<\/span><\/span><\/h3>\n<h4><span class=\"subtitle\"><span dir=\"ltr\"><a href=\"http:\/\/www.stopptgennahrungsmittel.de\/wp-content\/uploads\/2014\/12\/Agro_Gentechnik_Die_Saat_des_B\u00f6sen.jpg\"><img loading=\"lazy\" decoding=\"async\" class=\" size-medium wp-image-533 alignright\" src=\"http:\/\/www.stopptgennahrungsmittel.de\/wp-content\/uploads\/2014\/12\/Agro_Gentechnik_Die_Saat_des_B\u00f6sen-215x300.jpg\" alt=\"Agro_Gentechnik_Die_Saat_des_B\u00f6sen\" width=\"215\" height=\"300\" srcset=\"https:\/\/www.stopptgennahrungsmittel.de\/wp-content\/uploads\/2014\/12\/Agro_Gentechnik_Die_Saat_des_B\u00f6sen-215x300.jpg 215w, https:\/\/www.stopptgennahrungsmittel.de\/wp-content\/uploads\/2014\/12\/Agro_Gentechnik_Die_Saat_des_B\u00f6sen-107x150.jpg 107w, https:\/\/www.stopptgennahrungsmittel.de\/wp-content\/uploads\/2014\/12\/Agro_Gentechnik_Die_Saat_des_B\u00f6sen.jpg 358w\" sizes=\"auto, (max-width: 215px) 100vw, 215px\" \/><\/a>die schleichende Vergiftung von B\u00f6den und Nahrung<\/span><\/span><\/h4>\n<p><span dir=\"ltr\">Ant\u00f4nio In\u00e1cio Andrioli<\/span><br \/>\n<span dir=\"ltr\">emu-Verlag, 2006<\/span><br \/>\n<span dir=\"ltr\">ISBN: 3891891520, 9783891891520<\/span><\/p>\n<hr \/>\n<h3 class=\"booktitle\"><span class=\"fn\"><span dir=\"ltr\">Monsanto auf Deutsch<\/span><\/span>:<\/h3>\n<h4 class=\"booktitle\"><span class=\"subtitle\"><span dir=\"ltr\"><a href=\"http:\/\/www.stopptgennahrungsmittel.de\/wp-content\/uploads\/2014\/12\/61sDsNT9SDL.jpg\"><img loading=\"lazy\" decoding=\"async\" class=\" wp-image-330 alignright\" src=\"http:\/\/www.stopptgennahrungsmittel.de\/wp-content\/uploads\/2014\/12\/61sDsNT9SDL-291x300.jpg\" alt=\"61sDsNT9SDL\" width=\"215\" height=\"222\" srcset=\"https:\/\/www.stopptgennahrungsmittel.de\/wp-content\/uploads\/2014\/12\/61sDsNT9SDL-291x300.jpg 291w, https:\/\/www.stopptgennahrungsmittel.de\/wp-content\/uploads\/2014\/12\/61sDsNT9SDL-145x150.jpg 145w, https:\/\/www.stopptgennahrungsmittel.de\/wp-content\/uploads\/2014\/12\/61sDsNT9SDL.jpg 485w\" sizes=\"auto, (max-width: 215px) 100vw, 215px\" \/><\/a>Seilschaften der Agro-Gentechnik zwischen Firmen, Beh\u00f6rden, Lobbyverb\u00e4nden und Forschung &#8211; von Aachen bis Rostock!<\/span><\/span><\/h4>\n<ul>\n<li>Autor: Bergstedt<\/li>\n<li>Verlag: SeitenHieb, 2011<\/li>\n<li>ISBN: <span dir=\"ltr\"><span dir=\"ltr\">386747043X, 9783867470438<\/span><\/span><br \/>\n<hr \/>\n<\/li>\n<\/ul>\n<p>&nbsp;<\/p>\n","protected":false},"excerpt":{"rendered":"<p>Steven M. Druker Manipulierte Gene &#8211; Verdrehte Wahrheit Wie mit dem Wagnis, unsere Nahrung gentechnisch zu ver\u00e4ndern, die Wissenschaft untergraben, die Regierung korrumpiert und die \u00d6ffentlichkeit systematisch get\u00e4uscht wurde Ein sorgf\u00e4ltig recheriertes Buch \u00fcber die unverantwortlichen Machenschaften der Bef\u00fcrworter von gentechnisch ver\u00e4nderter Nahrung und deren Zusammenarbeit mit Gro\u00dfkonzernen, Wissenschaft und\u2026<\/p>\n<p> <a class=\"continue-reading-link\" href=\"https:\/\/www.stopptgennahrungsmittel.de\/?page_id=13\"><span>weiter lesen &#8230;<\/span><i class=\"crycon-right-dir\"><\/i><\/a> <\/p>\n","protected":false},"author":1,"featured_media":0,"parent":15,"menu_order":0,"comment_status":"closed","ping_status":"closed","template":"","meta":{"jetpack_post_was_ever_published":false,"footnotes":""},"class_list":["post-13","page","type-page","status-publish","hentry"],"jetpack_sharing_enabled":true,"jetpack_shortlink":"https:\/\/wp.me\/P7YsNH-d","_links":{"self":[{"href":"https:\/\/www.stopptgennahrungsmittel.de\/index.php?rest_route=\/wp\/v2\/pages\/13","targetHints":{"allow":["GET"]}}],"collection":[{"href":"https:\/\/www.stopptgennahrungsmittel.de\/index.php?rest_route=\/wp\/v2\/pages"}],"about":[{"href":"https:\/\/www.stopptgennahrungsmittel.de\/index.php?rest_route=\/wp\/v2\/types\/page"}],"author":[{"embeddable":true,"href":"https:\/\/www.stopptgennahrungsmittel.de\/index.php?rest_route=\/wp\/v2\/users\/1"}],"replies":[{"embeddable":true,"href":"https:\/\/www.stopptgennahrungsmittel.de\/index.php?rest_route=%2Fwp%2Fv2%2Fcomments&post=13"}],"version-history":[{"count":30,"href":"https:\/\/www.stopptgennahrungsmittel.de\/index.php?rest_route=\/wp\/v2\/pages\/13\/revisions"}],"predecessor-version":[{"id":1154,"href":"https:\/\/www.stopptgennahrungsmittel.de\/index.php?rest_route=\/wp\/v2\/pages\/13\/revisions\/1154"}],"up":[{"embeddable":true,"href":"https:\/\/www.stopptgennahrungsmittel.de\/index.php?rest_route=\/wp\/v2\/pages\/15"}],"wp:attachment":[{"href":"https:\/\/www.stopptgennahrungsmittel.de\/index.php?rest_route=%2Fwp%2Fv2%2Fmedia&parent=13"}],"curies":[{"name":"wp","href":"https:\/\/api.w.org\/{rel}","templated":true}]}}