{"id":129,"date":"2014-12-16T13:46:59","date_gmt":"2014-12-16T13:46:59","guid":{"rendered":"http:\/\/www.stopptgennahrungsmittel.de\/?page_id=129"},"modified":"2021-10-10T14:01:28","modified_gmt":"2021-10-10T14:01:28","slug":"indien","status":"publish","type":"page","link":"https:\/\/www.stopptgennahrungsmittel.de\/?page_id=129","title":{"rendered":"Indien"},"content":{"rendered":"\n<h3 class=\"wp-block-heading\"><a href=\"http:\/\/www.stopptgennahrungsmittel.de\/wp-content\/uploads\/2014\/12\/indien.gif\"><img loading=\"lazy\" decoding=\"async\" class=\"alignright wp-image-360 size-thumbnail\" src=\"http:\/\/www.stopptgennahrungsmittel.de\/wp-content\/uploads\/2014\/12\/indien-150x113.gif\" alt=\"indien\" width=\"150\" height=\"113\"><\/a><\/h3>\n\n\n\n<hr class=\"wp-block-separator is-style-wide\"\/>\n\n\n\n<h3 class=\"wp-block-heading\">Parallelbericht<\/h3>\n\n\n\n<div class=\"wp-block-image\"><figure class=\"aligncenter size-large\"><a href=\"https:\/\/www.stopptgennahrungsmittel.de\/wp-content\/uploads\/2021\/10\/parallelreport-India-deutsch1.pdf\" target=\"_blank\" rel=\"noopener\"><img loading=\"lazy\" decoding=\"async\" width=\"791\" height=\"1024\" src=\"https:\/\/www.stopptgennahrungsmittel.de\/wp-content\/uploads\/2021\/10\/Seiten-aus-parallelreport-India-deutsch1-791x1024.jpg\" alt=\"\" class=\"wp-image-1206\" srcset=\"https:\/\/www.stopptgennahrungsmittel.de\/wp-content\/uploads\/2021\/10\/Seiten-aus-parallelreport-India-deutsch1-791x1024.jpg 791w, https:\/\/www.stopptgennahrungsmittel.de\/wp-content\/uploads\/2021\/10\/Seiten-aus-parallelreport-India-deutsch1-232x300.jpg 232w, https:\/\/www.stopptgennahrungsmittel.de\/wp-content\/uploads\/2021\/10\/Seiten-aus-parallelreport-India-deutsch1-768x994.jpg 768w, https:\/\/www.stopptgennahrungsmittel.de\/wp-content\/uploads\/2021\/10\/Seiten-aus-parallelreport-India-deutsch1-1187x1536.jpg 1187w, https:\/\/www.stopptgennahrungsmittel.de\/wp-content\/uploads\/2021\/10\/Seiten-aus-parallelreport-India-deutsch1-1583x2048.jpg 1583w, https:\/\/www.stopptgennahrungsmittel.de\/wp-content\/uploads\/2021\/10\/Seiten-aus-parallelreport-India-deutsch1-116x150.jpg 116w, https:\/\/www.stopptgennahrungsmittel.de\/wp-content\/uploads\/2021\/10\/Seiten-aus-parallelreport-India-deutsch1.jpg 1700w\" sizes=\"auto, (max-width: 791px) 100vw, 791px\" \/><\/a><figcaption>deutsche Version<\/figcaption><\/figure><\/div>\n\n\n\n<p><iframe loading=\"lazy\" src=\"\/\/www.youtube.com\/embed\/kWhxHuk0Tnw\" width=\"425\" height=\"350\"><\/iframe><\/p>\n\n\n\n<hr class=\"wp-block-separator is-style-wide\"\/>\n\n\n\n<p>Pressemitteilung 21.05.2008<\/p>\n\n\n\n<h3 class=\"center wp-block-heading\">UN-Menschenrechtsauschuss&nbsp; r\u00fcgt Einsatz von Gentechnik in der Landwirtschaft&nbsp; und fordert dringende Ma\u00dfnahmen zum Schutz der Bauern vor Konzernen<\/h3>\n\n\n\n<p>Gemeinsam mit der Inderin Vandana Shiva, der Tr\u00e4gerin des alternativen Nobelpreises, hat die Gautingerin Christiane L\u00fcst, Gr\u00fcnderin der internationalen Organisation Aktion GEN-Klage, beim Menschenrechtsausschuss der Vereinten Nationen einen Bericht \u00fcber dramatische Menschenrechtsverletzungen bei Bauern aufgrund der Nutzung der Agrogentechnik in Indien eingereicht &#8211; 200.000 Bauern haben sich dort deshalb schon das Leben genommen, weil sie nach dem Einsatz von Gentechnik in der Landwirtschaft keine Wahl mehr hatten aus zunehmenden Hunger und Schulden herauszukommen.<br>Geklagt wurde gegen die indische Regierung auf sofortigen Stopp der Nutzung der Gentechnik in Indien zum Schutz der Bauern, Konsumenten &#8211; und der Menschenrechte.<\/p>\n\n\n\n<p>Der UN-Menschenrechtsausschuss hat am gestrigen Montag nach 3 -w\u00f6chiger Sitzung die concluding observations &#8211; die Aufforderungen an die indische Regierung Menschenrechtsverletzungen sofort zu beenden &#8211; ins Internet gestellt.<br>Erstmals wurde die Einf\u00fchrung der Gentechnik in der Landwirtschaft als Menschenrechtsverletzung ger\u00fcgt und eine Regierung aufgefordert, den Zugang der Bauern zum alten wiederverwendbaren Saatgut zu sch\u00fctzen und die Abh\u00e4ngigkeit von Konzernen zu beseitigen:<\/p>\n\n\n\n<p>Am Montag, den 28. April wurden Vertreter der Klage aus Indien, Schweiz und Deutschland pers\u00f6nlich vor dem UN-Menschenrechtsausschuss in Genf angeh\u00f6rt (s. Foto im Anhang:<br>Vetreter der international besetzten Delegation aus der Schweiz, Deutschland und Indien vor dem Sitz des UN-Menschenrechtskommittes in Genf bei ihrem Einsatz f\u00fcr das Menschenrecht auf gesunde gentechnikfreie Nahrung und eine gentechnikfreie Landwirtschaft)<\/p>\n\n\n\n<p>&#8222;Das ist&nbsp; ein internationaler Durchbruch &#8211; erstmals wurde der Einsatz der Gentechnik in der Landwirtschaft von den Vereinten Nationen als Menschenrechtsverletzung ger\u00fcgt und ein Staat aufgefordert seine Bauern vor multinationalen Konzernen zu sch\u00fctzen und den Zugang zum alten wiederverwendbaren Saatgut sicherzustellen!&#8220; &#8211; so L\u00fcst \u00fcber den grandiosen Erfolg in ihrer Pressemitteilung. L\u00fcst hat in der Vergangenheit bereits den kanadischen Bauern und alternativen Nobelpreistr\u00e4ger Percy Schmeiser sowie die \u00f6sterreichische Organisation Pro Leben vor dem Un-Ausschuss vertreten.<\/p>\n\n\n\n<p>Der Originaltext der UN:<br>29)<br>Das Kommittee ist tief besorgt, dass die exteme Not, die die Farmer erleiden m\u00fcssen, zu einer steigenden H\u00e4ufigkeit von Farmer-Selbstmorden \u00fcber die vergangene Dekade gef\u00fchrt hat. Das Kommittee ist besonders besorgt, dass die extreme Armut unter den Kleinbauern, verursacht durch den Mangel an Land, Zugang zu Krediten und ad\u00e4quaten l\u00e4ndlichen Infrastrukturen, durch die Einf\u00fchrung von genetisch ver\u00e4ndertem Saatgut durch multinationale Konzerne und&nbsp; die&nbsp; daraus resultierende Preiseskalation bei Saatgut, D\u00fcnger und Pestiziden, vor allem in der Baumwollindustrie, verschlimmert wurde.<\/p>\n\n\n\n<p>68)<br>Das Kommittee fordert die Regierung auf &#8230; dringende Ma\u00dfnahmen gegen die Armut und die Nahrungsmittelunsicherheit zu ergreifen. &#8230;<\/p>\n\n\n\n<p>69)<br>Das Kommittee dr\u00e4ngt die Regierung &#8230; alle n\u00f6tigen Ma\u00dfnahmen zu ergreifen gegen die extreme Armut unter Kleinbauern und die landwirtischaftliche Produktion als eine wichtige Angelegenheit zu steigern &#8230; finanzielle und andere Hilfsformen f\u00fcr Familien von SUizid-Opfern zur Verf\u00fcgung zu stellen &#8230; staatliche Unterst\u00fctzung bereitzustellen, damit die Farmer vermehrungsf\u00e4higes Saatgut, dass sie wiederverwenden k\u00f6nnen, kaufen k\u00f6nnen mit dem Ziel,&nbsp; ihre Abh\u00e4ngigkeit von multinationalen Konzernen zu beseitigen.<\/p>\n\n\n\n<hr class=\"wp-block-separator is-style-wide\"\/>\n\n\n\n<p>weitere (kurze) Videos mit Vandana Shiva:<\/p>\n\n\n\n<p><iframe loading=\"lazy\" src=\"\/\/www.youtube.com\/embed\/4EiYJ1geUqc\" width=\"425\" height=\"350\"><\/iframe><\/p>\n\n\n\n<p><iframe loading=\"lazy\" src=\"\/\/www.youtube.com\/embed\/fG17oEsQiEw\" width=\"425\" height=\"350\"><\/iframe><\/p>\n\n\n\n<p><iframe loading=\"lazy\" src=\"\/\/www.youtube.com\/embed\/naVPxPqAbgU\" width=\"425\" height=\"350\"><\/iframe><\/p>\n\n\n\n<p><iframe loading=\"lazy\" src=\"\/\/www.youtube.com\/embed\/Q9Zf-_Ls0L8\" width=\"425\" height=\"350\"><\/iframe><\/p>\n\n\n\n<p>und viele mehr auf youtube&#8230;<\/p>\n","protected":false},"excerpt":{"rendered":"<p>Parallelbericht Pressemitteilung 21.05.2008 UN-Menschenrechtsauschuss&nbsp; r\u00fcgt Einsatz von Gentechnik in der Landwirtschaft&nbsp; und fordert dringende Ma\u00dfnahmen zum Schutz der Bauern vor Konzernen Gemeinsam mit der Inderin Vandana Shiva, der Tr\u00e4gerin des alternativen Nobelpreises, hat die Gautingerin Christiane L\u00fcst, Gr\u00fcnderin der internationalen Organisation Aktion GEN-Klage, beim Menschenrechtsausschuss der Vereinten Nationen einen Bericht\u2026<\/p>\n<p> <a class=\"continue-reading-link\" href=\"https:\/\/www.stopptgennahrungsmittel.de\/?page_id=129\"><span>weiter lesen &#8230;<\/span><i class=\"crycon-right-dir\"><\/i><\/a> <\/p>\n","protected":false},"author":1,"featured_media":0,"parent":11,"menu_order":0,"comment_status":"closed","ping_status":"closed","template":"","meta":{"jetpack_post_was_ever_published":false,"footnotes":""},"class_list":["post-129","page","type-page","status-publish","hentry"],"jetpack_sharing_enabled":true,"jetpack_shortlink":"https:\/\/wp.me\/P7YsNH-25","_links":{"self":[{"href":"https:\/\/www.stopptgennahrungsmittel.de\/index.php?rest_route=\/wp\/v2\/pages\/129","targetHints":{"allow":["GET"]}}],"collection":[{"href":"https:\/\/www.stopptgennahrungsmittel.de\/index.php?rest_route=\/wp\/v2\/pages"}],"about":[{"href":"https:\/\/www.stopptgennahrungsmittel.de\/index.php?rest_route=\/wp\/v2\/types\/page"}],"author":[{"embeddable":true,"href":"https:\/\/www.stopptgennahrungsmittel.de\/index.php?rest_route=\/wp\/v2\/users\/1"}],"replies":[{"embeddable":true,"href":"https:\/\/www.stopptgennahrungsmittel.de\/index.php?rest_route=%2Fwp%2Fv2%2Fcomments&post=129"}],"version-history":[{"count":11,"href":"https:\/\/www.stopptgennahrungsmittel.de\/index.php?rest_route=\/wp\/v2\/pages\/129\/revisions"}],"predecessor-version":[{"id":1209,"href":"https:\/\/www.stopptgennahrungsmittel.de\/index.php?rest_route=\/wp\/v2\/pages\/129\/revisions\/1209"}],"up":[{"embeddable":true,"href":"https:\/\/www.stopptgennahrungsmittel.de\/index.php?rest_route=\/wp\/v2\/pages\/11"}],"wp:attachment":[{"href":"https:\/\/www.stopptgennahrungsmittel.de\/index.php?rest_route=%2Fwp%2Fv2%2Fmedia&parent=129"}],"curies":[{"name":"wp","href":"https:\/\/api.w.org\/{rel}","templated":true}]}}