{"id":127,"date":"2014-12-16T13:47:51","date_gmt":"2014-12-16T13:47:51","guid":{"rendered":"http:\/\/www.stopptgennahrungsmittel.de\/?page_id=127"},"modified":"2021-10-10T13:57:05","modified_gmt":"2021-10-10T13:57:05","slug":"kanada","status":"publish","type":"page","link":"https:\/\/www.stopptgennahrungsmittel.de\/?page_id=127","title":{"rendered":"Kanada"},"content":{"rendered":"\n<div class=\"wp-block-image\"><figure class=\"alignright\"><a href=\"http:\/\/www.stopptgennahrungsmittel.de\/wp-content\/uploads\/2014\/12\/kanada.gif\"><img loading=\"lazy\" decoding=\"async\" width=\"150\" height=\"113\" src=\"http:\/\/www.stopptgennahrungsmittel.de\/wp-content\/uploads\/2014\/12\/kanada-150x113.gif\" alt=\"kanada\" class=\"wp-image-365\"\/><\/a><\/figure><\/div>\n\n\n\n<hr class=\"wp-block-separator is-style-wide\"\/>\n\n\n\n<h3 class=\"wp-block-heading\">Parallelbericht<\/h3>\n\n\n\n<h4 class=\"textLayer wp-block-heading\">zum 4. und 5. Staatenbericht von Kanada \u00fcber die Umsetzung des Internationalen Paktes \u00fcber wirtschaftliche, soziale undkulturelle Rechte<\/h4>\n\n\n\n<div class=\"wp-block-columns is-layout-flex wp-container-core-columns-is-layout-9d6595d7 wp-block-columns-is-layout-flex\">\n<div class=\"wp-block-column is-layout-flow wp-block-column-is-layout-flow\">\n<figure class=\"wp-block-image size-large\"><a href=\"https:\/\/www.stopptgennahrungsmittel.de\/wp-content\/uploads\/2021\/10\/Parallelbericht-Kanada-deutsche-Endfassung.pdf\" target=\"_blank\" rel=\"noopener\"><img loading=\"lazy\" decoding=\"async\" width=\"724\" height=\"1024\" src=\"https:\/\/www.stopptgennahrungsmittel.de\/wp-content\/uploads\/2021\/10\/Seiten-aus-Parallelbericht-Kanada-deutsche-Endfassung-724x1024.jpg\" alt=\"\" class=\"wp-image-1194\" srcset=\"https:\/\/www.stopptgennahrungsmittel.de\/wp-content\/uploads\/2021\/10\/Seiten-aus-Parallelbericht-Kanada-deutsche-Endfassung-724x1024.jpg 724w, https:\/\/www.stopptgennahrungsmittel.de\/wp-content\/uploads\/2021\/10\/Seiten-aus-Parallelbericht-Kanada-deutsche-Endfassung-212x300.jpg 212w, https:\/\/www.stopptgennahrungsmittel.de\/wp-content\/uploads\/2021\/10\/Seiten-aus-Parallelbericht-Kanada-deutsche-Endfassung-768x1086.jpg 768w, https:\/\/www.stopptgennahrungsmittel.de\/wp-content\/uploads\/2021\/10\/Seiten-aus-Parallelbericht-Kanada-deutsche-Endfassung-1086x1536.jpg 1086w, https:\/\/www.stopptgennahrungsmittel.de\/wp-content\/uploads\/2021\/10\/Seiten-aus-Parallelbericht-Kanada-deutsche-Endfassung-1448x2048.jpg 1448w, https:\/\/www.stopptgennahrungsmittel.de\/wp-content\/uploads\/2021\/10\/Seiten-aus-Parallelbericht-Kanada-deutsche-Endfassung-106x150.jpg 106w, https:\/\/www.stopptgennahrungsmittel.de\/wp-content\/uploads\/2021\/10\/Seiten-aus-Parallelbericht-Kanada-deutsche-Endfassung.jpg 1654w\" sizes=\"auto, (max-width: 724px) 100vw, 724px\" \/><\/a><\/figure>\n<\/div>\n\n\n\n<div class=\"wp-block-column is-layout-flow wp-block-column-is-layout-flow\">\n<figure class=\"wp-block-image size-large\"><a href=\"https:\/\/www.stopptgennahrungsmittel.de\/wp-content\/uploads\/2021\/10\/parallelreport-Canada-endfassung-englisch.pdf\" target=\"_blank\" rel=\"noopener\"><img loading=\"lazy\" decoding=\"async\" width=\"791\" height=\"1024\" src=\"https:\/\/www.stopptgennahrungsmittel.de\/wp-content\/uploads\/2021\/10\/Seiten-aus-parallelreport-Canada-endfassung-englisch-791x1024.jpg\" alt=\"\" class=\"wp-image-1193\" srcset=\"https:\/\/www.stopptgennahrungsmittel.de\/wp-content\/uploads\/2021\/10\/Seiten-aus-parallelreport-Canada-endfassung-englisch-791x1024.jpg 791w, https:\/\/www.stopptgennahrungsmittel.de\/wp-content\/uploads\/2021\/10\/Seiten-aus-parallelreport-Canada-endfassung-englisch-232x300.jpg 232w, https:\/\/www.stopptgennahrungsmittel.de\/wp-content\/uploads\/2021\/10\/Seiten-aus-parallelreport-Canada-endfassung-englisch-768x994.jpg 768w, https:\/\/www.stopptgennahrungsmittel.de\/wp-content\/uploads\/2021\/10\/Seiten-aus-parallelreport-Canada-endfassung-englisch-1187x1536.jpg 1187w, https:\/\/www.stopptgennahrungsmittel.de\/wp-content\/uploads\/2021\/10\/Seiten-aus-parallelreport-Canada-endfassung-englisch-1583x2048.jpg 1583w, https:\/\/www.stopptgennahrungsmittel.de\/wp-content\/uploads\/2021\/10\/Seiten-aus-parallelreport-Canada-endfassung-englisch-116x150.jpg 116w, https:\/\/www.stopptgennahrungsmittel.de\/wp-content\/uploads\/2021\/10\/Seiten-aus-parallelreport-Canada-endfassung-englisch.jpg 1700w\" sizes=\"auto, (max-width: 791px) 100vw, 791px\" \/><\/a><\/figure>\n<\/div>\n<\/div>\n\n\n\n<hr class=\"wp-block-separator is-style-wide\"\/>\n\n\n\n<p>Einleitung<\/p>\n\n\n\n<h3 class=\"wp-block-heading\">Soziale Menschenrechte in Kanada<\/h3>\n\n\n\n<h4 class=\"wp-block-heading\">Menschenrechtsverletzungen in der Landwirtschaft und bei den VerbraucherInnen<\/h4>\n\n\n\n<address>Vorgelegt durch: <strong>Organic Agriculture Protection Fund (OAPF)<\/strong><br><strong> &amp; Percy Schmeiser, kanadischer Farmer &amp; Percy Schmeiser, Canadian farmer<\/strong><br>Kontakt: OAPF Chair: Arnold Taylor,<br>President of Saskatechewan Organic Directorate<br>Box 130, Canwood, SK SOJ OKO, Canada<br>Phone: 001 \/ 306 \u2013 468 2218 Fax: 001 \/ 306 \u2013 648 &#8211; 2346<\/address>\n\n\n\n<address><strong>Percy Schmeiser,<\/strong><br>Bruno, Saskatchewan, Box 400 SOK OSO, Canada<br>Tel.: 001 \/ 306 369 2520, Fax: 001 \/ 306 369 2304<\/address>\n\n\n\n<p>Die in diesem Bereich vorgelegte Information konzentriert sich auf die Folgen einer sehr bedenklichen globalen Entwicklung, die ohne R\u00fccksicht auf wissenschaftliche Erkenntnisse und erste Praxiserfahrungen in vielen L\u00e4ndern die wirtschaftlichen, sozialen und kulturellen Menschenrechte von LandwirtInnen und KonsumentInnen massivst verletzt: Die Einf\u00fchrung der Gentechnik in Lebensmittelproduktion und Landwirtschaft.<\/p>\n\n\n\n<p>Kanada ist von dieser Entwicklung schon sehr betroffen. Es ist weltweit der drittgr\u00f6\u00dfte Hersteller von gentechnisch ver\u00e4nderten Agrarprodukten. Durch den gro\u00dffl\u00e4chigen Anbau von Genraps in Knada und die fortschreitende Kontamination wachsen bereits auf \u00fcber 50 % seiner landwirtschaftlichen Nutzfl\u00e4chen genmanipulierte Pflanzen. Die Verbreitung von Gen-Raps ist seit 1999 au\u00dfer Kontrolle.<\/p>\n\n\n\n<p>80 % der Verbraucher sind lt. Umfragen gegen die Verwendung von Gentechnik in Nahrung und Landwirtschaft. In der Schweiz wurde sogar eine Volksbefragung \u00fcber die Einf\u00fchrung der Gentechnik durchgef\u00fchrt \u2013 das Volk hat die Einf\u00fchrung der Gentechnik ganz klar abgelehnt. Das zeigt, dass Landwirte und Verbraucher sich nicht einlassen wollen auf eine Risikotechnologie mit jetzt schon erwiesenen Folgesch\u00e4den. So kommt es zum Machtkampf \u2013 zum Machtkampf ein paar weniger Konzerne gegen die Landwirte und Konsumenten, gegen das Volk. Es geht um die weltweite Kontrolle \u00fcber die landwirtschaftliche Produktion und unsere Ern\u00e4hrung, um die Weltherrschaft.<\/p>\n\n\n\n<p>In Kanada haben sich die Gentechnikkonzerne schon fast fl\u00e4chendeckend durchgesetzt. Verbraucher f\u00fchlen sich machtlos und von ihrer Regierung im Stich gelassen. Doch immer mehr Landwirte klagen gegen die Konzerne. Denn die Macht und der Lobbyismus der gro\u00dfen Agrarkonzerne f\u00fchrt zu einem Verlust an Lebensqualit\u00e4t und Lebensstandard f\u00fcr Farmer und Konsumenten: Farmer warden abh\u00e4ngig von den Konzernen, ihr wirtschaftliches \u00dcberleben ist in gro\u00dfer Gefahr \u2013 mit der Einf\u00fchrung von Genpflanzen in Kanada verloren sie ihre Wahlfreiheit und jegliche Selbstbestimmung. Ihr Land wird kontaminiert \u2013 ob sie wollen oder nicht \u2013 mit allen negativen Konsequenzen \u2013 zerst\u00f6rte Ernten, zerst\u00f6rte Existenz , \u2026. In einigen L\u00e4ndern f\u00fchrte das bereits zum Selbstmord von vielen tausend Farmern, weil sie keinen anderen Ausweg aus ihren Schulden sehen \u2013 ein Resultat dieser Entwicklung.<\/p>\n\n\n\n<p>VerbraucherInnen sind gezwungen mit immer weniger Wahlm\u00f6glichkeiten Lebensmittel zu kaufen, vor deren gesundheitlichen Risiken jetzt schon gewarnt wird \u2013 erste immense Sch\u00e4den sind bereits nachweisbar. Auch in Kanada gibt es bereits ein dramatisches Ansteigen von Krankheiten und Allergien seit der Einf\u00fchrung der Gentechnik. (www.oekosmos.de, 19.6.2004).<\/p>\n\n\n\n<p>Die Rechte des Volkes auf Selbstbestimmung, das Recht auf Nahrung, das Recht auf Gesundheit und eine unahbh\u00e4ngige Erforschung der Risiken dieser neuen Technologie werden in Kanada bereits schon jetzt massiv verletzt. Deshalb fordern wir die<br>kanadische Regierung auf:<\/p>\n\n\n\n<ul class=\"wp-block-list\"><li>Die Einf\u00fchrung der Gentechnik in Lebensmittelproduktion und Landwirtschaft in Kanada gesetzlich zu verbieten<\/li><li>Die Kennzeichnungspflicht f\u00fcr alle genmanipulierten Ver\u00e4nderungen in Lebensmitteln und auch f\u00fcr Tierfutter und tierische Produkte einzuf\u00fchren<\/li><li>Die Einf\u00fchrung einer Haftung der Konzerne und damit der Hersteller f\u00fcr alle Folgen auf Boden und Gesundheit, f\u00fcr die unwiderrufliche Kontamination des Landes und die unwiderrufliche Zerst\u00f6rung aller damit verbundenen Existenzen (Biobauern und -B\u00e4uerinnen, LandwirtInnen, usw. \u2026)<\/li><li>Schadensersatz f\u00fcr die wirtschaftlichen Verluste der bisher gentechfrei produzierenden Landwirte. Sch\u00e4tzung der bisherigen Verluste auf \u00fcber $ 14 Millionen allein in Saskatchewan, einem Bundesland von Kanada.<\/li><\/ul>\n\n\n\n<p>Wir bitten das Komitee f\u00fcr wirtschaftliche, soziale und kulturelle Rechte seine Besorgnis \u00fcber die Einf\u00fchrung der Gentechnik in Kanada auszudr\u00fccken und Empfehlungen an die Regierung auszusprechen, wie sie mit dieser Situation umgehen soll.<\/p>\n","protected":false},"excerpt":{"rendered":"<p>Parallelbericht zum 4. und 5. Staatenbericht von Kanada \u00fcber die Umsetzung des Internationalen Paktes \u00fcber wirtschaftliche, soziale undkulturelle Rechte Einleitung Soziale Menschenrechte in Kanada Menschenrechtsverletzungen in der Landwirtschaft und bei den VerbraucherInnen Vorgelegt durch: Organic Agriculture Protection Fund (OAPF) &amp; Percy Schmeiser, kanadischer Farmer &amp; Percy Schmeiser, Canadian farmerKontakt: OAPF\u2026<\/p>\n<p> <a class=\"continue-reading-link\" href=\"https:\/\/www.stopptgennahrungsmittel.de\/?page_id=127\"><span>weiter lesen &#8230;<\/span><i class=\"crycon-right-dir\"><\/i><\/a> <\/p>\n","protected":false},"author":1,"featured_media":0,"parent":11,"menu_order":0,"comment_status":"closed","ping_status":"closed","template":"","meta":{"jetpack_post_was_ever_published":false,"footnotes":""},"class_list":["post-127","page","type-page","status-publish","hentry"],"jetpack_sharing_enabled":true,"jetpack_shortlink":"https:\/\/wp.me\/P7YsNH-23","_links":{"self":[{"href":"https:\/\/www.stopptgennahrungsmittel.de\/index.php?rest_route=\/wp\/v2\/pages\/127","targetHints":{"allow":["GET"]}}],"collection":[{"href":"https:\/\/www.stopptgennahrungsmittel.de\/index.php?rest_route=\/wp\/v2\/pages"}],"about":[{"href":"https:\/\/www.stopptgennahrungsmittel.de\/index.php?rest_route=\/wp\/v2\/types\/page"}],"author":[{"embeddable":true,"href":"https:\/\/www.stopptgennahrungsmittel.de\/index.php?rest_route=\/wp\/v2\/users\/1"}],"replies":[{"embeddable":true,"href":"https:\/\/www.stopptgennahrungsmittel.de\/index.php?rest_route=%2Fwp%2Fv2%2Fcomments&post=127"}],"version-history":[{"count":21,"href":"https:\/\/www.stopptgennahrungsmittel.de\/index.php?rest_route=\/wp\/v2\/pages\/127\/revisions"}],"predecessor-version":[{"id":1204,"href":"https:\/\/www.stopptgennahrungsmittel.de\/index.php?rest_route=\/wp\/v2\/pages\/127\/revisions\/1204"}],"up":[{"embeddable":true,"href":"https:\/\/www.stopptgennahrungsmittel.de\/index.php?rest_route=\/wp\/v2\/pages\/11"}],"wp:attachment":[{"href":"https:\/\/www.stopptgennahrungsmittel.de\/index.php?rest_route=%2Fwp%2Fv2%2Fmedia&parent=127"}],"curies":[{"name":"wp","href":"https:\/\/api.w.org\/{rel}","templated":true}]}}