{"id":123,"date":"2014-12-16T13:47:39","date_gmt":"2014-12-16T13:47:39","guid":{"rendered":"http:\/\/www.stopptgennahrungsmittel.de\/?page_id=123"},"modified":"2018-10-16T14:06:27","modified_gmt":"2018-10-16T14:06:27","slug":"deutschland","status":"publish","type":"page","link":"https:\/\/www.stopptgennahrungsmittel.de\/?page_id=123","title":{"rendered":"Deutschland"},"content":{"rendered":"<p><a href=\"http:\/\/www.stopptgennahrungsmittel.de\/wp-content\/uploads\/2014\/12\/dtl.gif\"><img loading=\"lazy\" decoding=\"async\" class=\" size-thumbnail wp-image-361 alignright\" src=\"http:\/\/www.stopptgennahrungsmittel.de\/wp-content\/uploads\/2014\/12\/dtl-150x113.gif\" alt=\"dtl\" width=\"150\" height=\"113\" \/><\/a><\/p>\n<hr \/>\n<h3>UN-Concludings 2018<\/h3>\n<div id=\"attachment_1096\" style=\"width: 160px\" class=\"wp-caption alignnone\"><a href=\"http:\/\/www.stopptgennahrungsmittel.de\/wp-content\/uploads\/2018\/10\/E_C-12_DEU_CO_6_32792_E.pdf\"><img loading=\"lazy\" decoding=\"async\" aria-describedby=\"caption-attachment-1096\" class=\"wp-image-1096 size-thumbnail\" src=\"http:\/\/www.stopptgennahrungsmittel.de\/wp-content\/uploads\/2018\/10\/Seiten-aus-E_C-12_DEU_CO_6_32792_E-150x150.jpg\" alt=\"\" width=\"150\" height=\"150\" \/><\/a><p id=\"caption-attachment-1096\" class=\"wp-caption-text\">english<\/p><\/div>\n<hr \/>\n<h3>Parallelbericht 2018<\/h3>\n<table>\n<tbody>\n<tr>\n<td>\n<p><div id=\"attachment_1071\" style=\"width: 160px\" class=\"wp-caption alignnone\"><a href=\"http:\/\/www.stopptgennahrungsmittel.de\/wp-content\/uploads\/2018\/09\/Parallelbericht-Deutschland-2018-Endfassung-dt..pdf\"><img loading=\"lazy\" decoding=\"async\" aria-describedby=\"caption-attachment-1071\" class=\"size-thumbnail wp-image-1071\" src=\"http:\/\/www.stopptgennahrungsmittel.de\/wp-content\/uploads\/2018\/09\/Seiten-aus-Parallelbericht-Deutschland-2018-Endfassung-dt.-150x150.jpg\" alt=\"\" width=\"150\" height=\"150\" \/><\/a><p id=\"caption-attachment-1071\" class=\"wp-caption-text\">deutsch<\/p><\/div><\/td>\n<td>\n<p><div id=\"attachment_1070\" style=\"width: 160px\" class=\"wp-caption alignnone\"><a href=\"http:\/\/www.stopptgennahrungsmittel.de\/wp-content\/uploads\/2018\/09\/Parallel-report-Germany-english-2018-Endfassung.pdf\"><img loading=\"lazy\" decoding=\"async\" aria-describedby=\"caption-attachment-1070\" class=\"size-thumbnail wp-image-1070\" src=\"http:\/\/www.stopptgennahrungsmittel.de\/wp-content\/uploads\/2018\/09\/Seiten-aus-Parallel-report-Germany-english-2018-Endfassung-150x150.jpg\" alt=\"\" width=\"150\" height=\"150\" \/><\/a><p id=\"caption-attachment-1070\" class=\"wp-caption-text\">english<\/p><\/div><\/td>\n<td>\n<p><div id=\"attachment_1075\" style=\"width: 160px\" class=\"wp-caption alignnone\"><a href=\"http:\/\/www.stopptgennahrungsmittel.de\/wp-content\/uploads\/2018\/09\/parallelreport-Germany-speech.pdf\"><img loading=\"lazy\" decoding=\"async\" aria-describedby=\"caption-attachment-1075\" class=\"size-thumbnail wp-image-1075\" src=\"http:\/\/www.stopptgennahrungsmittel.de\/wp-content\/uploads\/2018\/09\/Seiten-aus-parallelreport-Germany-speech-150x150.jpg\" alt=\"\" width=\"150\" height=\"150\" \/><\/a><p id=\"caption-attachment-1075\" class=\"wp-caption-text\">Rede im Ausschuss<\/p><\/div><\/td>\n<\/tr>\n<tr>\n<td>\n<p><div id=\"attachment_1077\" style=\"width: 160px\" class=\"wp-caption alignnone\"><a href=\"http:\/\/www.stopptgennahrungsmittel.de\/wp-content\/uploads\/2018\/09\/Parallelreport-Dtld.-PM-2018.pdf\"><img loading=\"lazy\" decoding=\"async\" aria-describedby=\"caption-attachment-1077\" class=\"size-thumbnail wp-image-1077\" src=\"http:\/\/www.stopptgennahrungsmittel.de\/wp-content\/uploads\/2018\/09\/Seiten-aus-Parallelreport-Dtld.-PM-2018-150x150.jpg\" alt=\"\" width=\"150\" height=\"150\" \/><\/a><p id=\"caption-attachment-1077\" class=\"wp-caption-text\">Pressemitteilung deutsch<\/p><\/div><\/td>\n<td>\n<div class=\"mceTemp\"><\/div>\n<\/td>\n<td><\/td>\n<\/tr>\n<\/tbody>\n<\/table>\n<hr \/>\n<h3>PRESSEMITTEILUNG \u00a0 \u00a0 \u00a0 \u00a0 Gauting, 21.05.11<\/h3>\n<h4><strong>UN-Ausschuss best\u00e4tigt Gesundheitsgef\u00e4hrdung durch GEN-Food<\/strong><\/h4>\n<p><strong>UN-Menschenrechtsausschuss fordert Gesundheitsschutz in Zusammenhang mit GEN-Nahrungsmitteln von der Bundesrepublik<\/strong><\/p>\n<p>Erfolg in Genf: Erstmals hat der Menschenrechtsausschuss der Vereinten Nationen von einer Regierung &#8211; hier von der Bundesrepublik Deutschland &#8211; eine Politik des Gesundheitsschutzes in Bezug auf Nahrungsmittel gefordert, die genetisch ver\u00e4nderte Organismen enthalten.<\/p>\n<p>\u201eDas bekommt eine ganz neue Dimension\u201c so Christiane L\u00fcst vom internationalen Netzwerk \u201eAktion GEN-Klage\u201c, die gegen die Bundesrepublik und damit gegen das sechste Land Klage wegen Menschenrechtsverletzungen durch Nutzung der Agro-Gentechnik in Genf eingereicht hat.<\/p>\n<p>\u201cUnsere stete Berichterstattung vor der UNO \u00fcber die Folgen der Nutzung von Gentechnik in Nahrungsmitteln und Landwirtschaft weltweit \u00fcberzeugt, die von uns vorgetragenen Fakten sprechen eine klare Sprache. Bisher hat der UN-Menschenrechtsausschuss bereits die Regierungen aufgefordert das alte Saatgut und die Bauern vor GMOs und der daraus folgenden Abh\u00e4ngigkeit von Konzernen zu sch\u00fctzen sowie durch einen Stopp von Urwaldabholzungen keine weiteren Anbaufl\u00e4chen mehr zur Verf\u00fcgung zu stellen, weil dadurch die Lebensgrundlagen der kleinen Bauern zerst\u00f6rt werden und die Armut drastisch zunimmt. Aber dass nun auch die gesundheitlichen Folgen der Verwendung von GEN-Nahrungsmitteln als Menschenrechtsverletzungen best\u00e4tigt werden und eine Regierung aufgefordert wird hier zum Schutze der Gesundheit Ma\u00dfnahmen dagegen zu ergreifen ist erstmalig. \u201c<\/p>\n<p>Der von der UNO festgestellte Handlungsbedarf wird von einer gerade ver\u00f6ffentlichten Studie untermauert, nach der im Blut von 93 % ungeborener Babys und bei Schwangeren Giftstoffe gefunden wurden, die in der Landwirtschaft bei der Produktion von GEN-Nahrungsmitteln verwendet werden. Damit ist bewiesen, dass \u2013 entgegen allen bisherigen Aussagen von GEN-Industrie und Politik \u2013 sich durch GEN-Nahrungsmittel gef\u00e4hrliche R\u00fcckst\u00e4nde und Gifte im menschlichen K\u00f6rper \u2013 und auch schon bei ungeborenen Babys \u2013 anreichern.<\/p>\n<p>Dar\u00fcber hinaus wurde die Bundesrepublik von der UN ger\u00fcgt, bei seiner Agrar-, Handels- und Entwicklungshilfepolitik sowie in seiner Unterst\u00fctzung und bei Investitionen von deutschen Konzernen in Entwicklungshilfel\u00e4ndern die Menschenrechte nicht ausreichend zu ber\u00fccksichtigen.<\/p>\n<p>Der geforderte Gesundheitsschutz umfasst damit auch, dass mit deutschen Geldern keine Gen-Nahrungsmittel oder Gen-Saatgut f\u00fcr Entwicklungshilfel\u00e4nder beschafft, transportiert oder verteilt wird.<\/p>\n<p>Die Regierung ist daher aufgefordert folgende Ma\u00dfnahmen umgehend umzusetzen:<\/p>\n<ul>\n<li>Die Einf\u00fchrung der Gentechnik in Tierf\u00fctterung, Lebensmittelproduktion und Landwirtschaft zu verbieten<\/li>\n<li>Die Kennzeichnungspflicht f\u00fcr alle genmanipulierten Ver\u00e4nderungen in Lebensmitteln &#8211; auch f\u00fcr Tierfutter und tierische Produkte &#8211; einzuf\u00fchren, bis dieses generelle Verbot G\u00fcltigkeit hat.<\/li>\n<li>S\u00e4mtliche Gen-Freilandversuche in Deutschland umgehend einzustellen<\/li>\n<li>Die Saatgutreinheit von 100 % zu erhalten und keine Gen-Anteile darin gesetzlich zu erlauben<\/li>\n<\/ul>\n<p>&nbsp;<\/p>\n","protected":false},"excerpt":{"rendered":"<p>UN-Concludings 2018 Parallelbericht 2018 PRESSEMITTEILUNG \u00a0 \u00a0 \u00a0 \u00a0 Gauting, 21.05.11 UN-Ausschuss best\u00e4tigt Gesundheitsgef\u00e4hrdung durch GEN-Food UN-Menschenrechtsausschuss fordert Gesundheitsschutz in Zusammenhang mit GEN-Nahrungsmitteln von der Bundesrepublik Erfolg in Genf: Erstmals hat der Menschenrechtsausschuss der Vereinten Nationen von einer Regierung &#8211; hier von der Bundesrepublik Deutschland &#8211; eine Politik des Gesundheitsschutzes\u2026<\/p>\n<p> <a class=\"continue-reading-link\" href=\"https:\/\/www.stopptgennahrungsmittel.de\/?page_id=123\"><span>weiter lesen &#8230;<\/span><i class=\"crycon-right-dir\"><\/i><\/a> <\/p>\n","protected":false},"author":1,"featured_media":0,"parent":0,"menu_order":0,"comment_status":"closed","ping_status":"closed","template":"","meta":{"jetpack_post_was_ever_published":false,"footnotes":""},"class_list":["post-123","page","type-page","status-publish","hentry"],"jetpack_sharing_enabled":true,"jetpack_shortlink":"https:\/\/wp.me\/P7YsNH-1Z","_links":{"self":[{"href":"https:\/\/www.stopptgennahrungsmittel.de\/index.php?rest_route=\/wp\/v2\/pages\/123","targetHints":{"allow":["GET"]}}],"collection":[{"href":"https:\/\/www.stopptgennahrungsmittel.de\/index.php?rest_route=\/wp\/v2\/pages"}],"about":[{"href":"https:\/\/www.stopptgennahrungsmittel.de\/index.php?rest_route=\/wp\/v2\/types\/page"}],"author":[{"embeddable":true,"href":"https:\/\/www.stopptgennahrungsmittel.de\/index.php?rest_route=\/wp\/v2\/users\/1"}],"replies":[{"embeddable":true,"href":"https:\/\/www.stopptgennahrungsmittel.de\/index.php?rest_route=%2Fwp%2Fv2%2Fcomments&post=123"}],"version-history":[{"count":8,"href":"https:\/\/www.stopptgennahrungsmittel.de\/index.php?rest_route=\/wp\/v2\/pages\/123\/revisions"}],"predecessor-version":[{"id":1098,"href":"https:\/\/www.stopptgennahrungsmittel.de\/index.php?rest_route=\/wp\/v2\/pages\/123\/revisions\/1098"}],"wp:attachment":[{"href":"https:\/\/www.stopptgennahrungsmittel.de\/index.php?rest_route=%2Fwp%2Fv2%2Fmedia&parent=123"}],"curies":[{"name":"wp","href":"https:\/\/api.w.org\/{rel}","templated":true}]}}