{"id":120,"date":"2014-12-16T13:32:13","date_gmt":"2014-12-16T13:32:13","guid":{"rendered":"http:\/\/www.stopptgennahrungsmittel.de\/?page_id=120"},"modified":"2014-12-19T14:46:45","modified_gmt":"2014-12-19T14:46:45","slug":"efsa","status":"publish","type":"page","link":"https:\/\/www.stopptgennahrungsmittel.de\/?page_id=120","title":{"rendered":"EFSA"},"content":{"rendered":"<h3><a href=\"http:\/\/www.efsa.europa.eu\/de\/\"><img loading=\"lazy\" decoding=\"async\" class=\"alignright wp-image-324\" src=\"http:\/\/www.stopptgennahrungsmittel.de\/wp-content\/uploads\/2014\/12\/EFSA-22.jpg\" alt=\"EFSA-22\" width=\"200\" height=\"150\" srcset=\"https:\/\/www.stopptgennahrungsmittel.de\/wp-content\/uploads\/2014\/12\/EFSA-22.jpg 640w, https:\/\/www.stopptgennahrungsmittel.de\/wp-content\/uploads\/2014\/12\/EFSA-22-300x225.jpg 300w, https:\/\/www.stopptgennahrungsmittel.de\/wp-content\/uploads\/2014\/12\/EFSA-22-200x150.jpg 200w, https:\/\/www.stopptgennahrungsmittel.de\/wp-content\/uploads\/2014\/12\/EFSA-22-150x112.jpg 150w\" sizes=\"auto, (max-width: 200px) 100vw, 200px\" \/><\/a>Rechtsversto\u00df<\/h3>\n<p>Die Europ\u00e4ischen B\u00fcrger wollen keine gentechnisch ver\u00e4nderten Lebensmittel. Dennoch l\u00e4sst die EU-Kommission trotz massiven b\u00fcrgerlichen Widerstands immer wieder neue Sorten von Gen-Mais, Gen-Raps oder Gen-Soja u.a. zu. Sie beruft sich dabei auf Stellungnahmen der angeblich unabh\u00e4ngigen <a href=\"http:\/\/www.efsa.europa.eu\/de\/\">EFSA<\/a>. EU-Kommission und EFSA versto\u00dfen dabei aber nach Auffassung renommierter Rechtsexperten gegen EU-Recht:<\/p>\n<ul>\n<li>die EFSA fordert keine Langzeittests f\u00fcr solche Lebensmittel, obwohl das reformierte EU-Recht diese ausdr\u00fccklich vorschreibt<\/li>\n<li>die Kommission ma\u00dft sich mit ihren Zulassungsentscheidungen rechtswidrig Administrativbefugnisse an, die nach den EG-Vertr\u00e4gen eindeutig den Nationalstaaten vorbehalten bleiben m\u00fcssen.<\/li>\n<\/ul>\n<p><a href=\"www.institut.naturschutzrecht.net\"><img loading=\"lazy\" decoding=\"async\" class=\"alignright wp-image-323 size-full\" src=\"http:\/\/www.stopptgennahrungsmittel.de\/wp-content\/uploads\/2014\/12\/Laubfrosch-logo.gif\" alt=\"Laubfrosch-logo\" width=\"120\" height=\"142\" \/><\/a><\/p>\n<p>&nbsp;<\/p>\n<p>Das <strong>Institut f\u00fcr Naturschutz und Naturschutzrecht<\/strong> (IfNN) T\u00fcbingen (<a href=\"http:\/\/www.institut.naturschutzrecht.net\">http:\/\/www.institut.naturschutzrecht.net<\/a>) hat im Auftrag der Aktion GEN-Klage, des internationalen Zusammenschlusses zahlreicher Organisationen, diese zwei Punkte in einem Rechtsgutachten so aufbereitet, dass sie EU-weit in Prozessen gegen die EU-Kommission verwendet werden k\u00f6nnen. Ziel ist die Vorbereitung und Begleitung europaweit koordinierter Klagen gegen Kommission und EFSA. Sowohl Verbraucher, H\u00e4ndler, Verarbeiter, Landwirte als auch EU-Mitgliedstaaten k\u00f6nnen jetzt die Vorgaben des EU-Rechts einklagen.<\/p>\n<p>Das IfNN verf\u00fcgt im deutschen und europ\u00e4ischen Gentechnikrecht \u00fcber erstklassige Referenzen und hat im Juli 2007 f\u00fcr eine deutsche Landesregierung gegen Monsanto einen gerichtlichen\u00a0 Anbaustopp f\u00fcr Gen-Mais erreicht. Es ist das erste Mal, in der Geschichte des Widerstands gegen die Agrogentechnik, dass deutsche Juristen einen solchen Erfolg erreichten. Im November 2007 bewirkte au\u00dferdem eine Stellungnahme des IfNN im Schweizer Fernsehen die \u00dcberpr\u00fcfung einer Freisetzungsgenehmigung genetisch ver\u00e4nderten Weizens durch die schweizerische Umweltbeh\u00f6rde.<\/p>\n<p>&nbsp;<\/p>\n","protected":false},"excerpt":{"rendered":"<p>Rechtsversto\u00df Die Europ\u00e4ischen B\u00fcrger wollen keine gentechnisch ver\u00e4nderten Lebensmittel. Dennoch l\u00e4sst die EU-Kommission trotz massiven b\u00fcrgerlichen Widerstands immer wieder neue Sorten von Gen-Mais, Gen-Raps oder Gen-Soja u.a. zu. Sie beruft sich dabei auf Stellungnahmen der angeblich unabh\u00e4ngigen EFSA. EU-Kommission und EFSA versto\u00dfen dabei aber nach Auffassung renommierter Rechtsexperten gegen EU-Recht:\u2026<\/p>\n<p> <a class=\"continue-reading-link\" href=\"https:\/\/www.stopptgennahrungsmittel.de\/?page_id=120\"><span>weiter lesen &#8230;<\/span><i class=\"crycon-right-dir\"><\/i><\/a> <\/p>\n","protected":false},"author":1,"featured_media":0,"parent":7,"menu_order":1,"comment_status":"closed","ping_status":"closed","template":"","meta":{"jetpack_post_was_ever_published":false,"footnotes":""},"class_list":["post-120","page","type-page","status-publish","hentry"],"jetpack_sharing_enabled":true,"jetpack_shortlink":"https:\/\/wp.me\/P7YsNH-1W","_links":{"self":[{"href":"https:\/\/www.stopptgennahrungsmittel.de\/index.php?rest_route=\/wp\/v2\/pages\/120","targetHints":{"allow":["GET"]}}],"collection":[{"href":"https:\/\/www.stopptgennahrungsmittel.de\/index.php?rest_route=\/wp\/v2\/pages"}],"about":[{"href":"https:\/\/www.stopptgennahrungsmittel.de\/index.php?rest_route=\/wp\/v2\/types\/page"}],"author":[{"embeddable":true,"href":"https:\/\/www.stopptgennahrungsmittel.de\/index.php?rest_route=\/wp\/v2\/users\/1"}],"replies":[{"embeddable":true,"href":"https:\/\/www.stopptgennahrungsmittel.de\/index.php?rest_route=%2Fwp%2Fv2%2Fcomments&post=120"}],"version-history":[{"count":6,"href":"https:\/\/www.stopptgennahrungsmittel.de\/index.php?rest_route=\/wp\/v2\/pages\/120\/revisions"}],"predecessor-version":[{"id":328,"href":"https:\/\/www.stopptgennahrungsmittel.de\/index.php?rest_route=\/wp\/v2\/pages\/120\/revisions\/328"}],"up":[{"embeddable":true,"href":"https:\/\/www.stopptgennahrungsmittel.de\/index.php?rest_route=\/wp\/v2\/pages\/7"}],"wp:attachment":[{"href":"https:\/\/www.stopptgennahrungsmittel.de\/index.php?rest_route=%2Fwp%2Fv2%2Fmedia&parent=120"}],"curies":[{"name":"wp","href":"https:\/\/api.w.org\/{rel}","templated":true}]}}