{"id":111,"date":"2014-12-16T13:30:15","date_gmt":"2014-12-16T13:30:15","guid":{"rendered":"http:\/\/www.stopptgennahrungsmittel.de\/?page_id=111"},"modified":"2014-12-19T12:24:57","modified_gmt":"2014-12-19T12:24:57","slug":"freihandelsabkommen","status":"publish","type":"page","link":"https:\/\/www.stopptgennahrungsmittel.de\/?page_id=111","title":{"rendered":"Freihandelsabkommen"},"content":{"rendered":"<p><a href=\"http:\/\/www.stopptgennahrungsmittel.de\/wp-content\/uploads\/2014\/12\/STOP_TTIP_Logo_gro\u00df_web_04.jpg\"><img loading=\"lazy\" decoding=\"async\" class=\"alignright wp-image-275 size-full\" src=\"http:\/\/www.stopptgennahrungsmittel.de\/wp-content\/uploads\/2014\/12\/STOP_TTIP_Logo_gro\u00df_web_04.jpg\" alt=\"STOP_TTIP_Logo_gro\u00df_web_04\" width=\"314\" height=\"223\" srcset=\"https:\/\/www.stopptgennahrungsmittel.de\/wp-content\/uploads\/2014\/12\/STOP_TTIP_Logo_gro\u00df_web_04.jpg 314w, https:\/\/www.stopptgennahrungsmittel.de\/wp-content\/uploads\/2014\/12\/STOP_TTIP_Logo_gro\u00df_web_04-300x213.jpg 300w, https:\/\/www.stopptgennahrungsmittel.de\/wp-content\/uploads\/2014\/12\/STOP_TTIP_Logo_gro\u00df_web_04-211x150.jpg 211w, https:\/\/www.stopptgennahrungsmittel.de\/wp-content\/uploads\/2014\/12\/STOP_TTIP_Logo_gro\u00df_web_04-150x106.jpg 150w\" sizes=\"auto, (max-width: 314px) 100vw, 314px\" \/><\/a>Freihandelsabkommen werden von Industriekonzernen vorangetrieben. Mit dem griffigen Slogan &#8222;Wachstum und Arbeitspl\u00e4tze&#8220; werden Politiker \u00fcberzeugt, dass Freihandelsabkommen eine gute Sache sind.<\/p>\n<p>Dabei sind solche Vertr\u00e4ge reine Investitionsschutzvertr\u00e4ge, die Investoren berechtigen, Staaten wegen entgangener Gewinne aufgrund nationaler gesetzlicher Beschr\u00e4nkung auf Schadenersatz zu verklagen. Solche Klagen nehmen st\u00e4ndig zu und erreichen nicht selten Miliardenh\u00f6he. (Vattenfall &#8211; Bundesrepublik Deutschland wegen Energiewendegesetz)<\/p>\n<p>Besonders kritisch wird gesehen, dass die Verhandlungen nicht \u00f6ffentlich, sondern geheim stattfinden und dass die nationalen Gerichte, ebenso wie auch die demokratisch gew\u00e4hlten Parlamente umgangen und ausgeschaltet werden.<\/p>\n<div id=\"attachment_304\" style=\"width: 310px\" class=\"wp-caption alignright\"><a href=\"http:\/\/www.stopptgennahrungsmittel.de\/wp-content\/uploads\/2014\/12\/Kopie-2-von-IMG_9058.jpg\"><img loading=\"lazy\" decoding=\"async\" aria-describedby=\"caption-attachment-304\" class=\"wp-image-304 size-medium\" src=\"http:\/\/www.stopptgennahrungsmittel.de\/wp-content\/uploads\/2014\/12\/Kopie-2-von-IMG_9058-300x200.jpg\" alt=\"Kopie (2) von IMG_9058\" width=\"300\" height=\"200\" srcset=\"https:\/\/www.stopptgennahrungsmittel.de\/wp-content\/uploads\/2014\/12\/Kopie-2-von-IMG_9058-300x200.jpg 300w, https:\/\/www.stopptgennahrungsmittel.de\/wp-content\/uploads\/2014\/12\/Kopie-2-von-IMG_9058-1024x682.jpg 1024w, https:\/\/www.stopptgennahrungsmittel.de\/wp-content\/uploads\/2014\/12\/Kopie-2-von-IMG_9058-225x150.jpg 225w, https:\/\/www.stopptgennahrungsmittel.de\/wp-content\/uploads\/2014\/12\/Kopie-2-von-IMG_9058-150x100.jpg 150w, https:\/\/www.stopptgennahrungsmittel.de\/wp-content\/uploads\/2014\/12\/Kopie-2-von-IMG_9058.jpg 2025w\" sizes=\"auto, (max-width: 300px) 100vw, 300px\" \/><\/a><p id=\"caption-attachment-304\" class=\"wp-caption-text\">Walter Haefeker<\/p><\/div>\n<p>Konzerne wie Monsanto, Bayer, Syngenta versprechen sich von Freihandelsabkommen eine ungehinderte globale Expansion. Die Folgen sind verheerend: Regional gez\u00fcchtetes und bew\u00e4hrtes Saatgut soll durch einheitliches und patentiertes Saatgut ersetzt werden. Dadurch versprechen sich Agrochemische Konzerne gesicherte Absatzm\u00e4rkte f\u00fcr Saatgut und vor allem f\u00fcr Pestizide.<\/p>\n<p>Europa ist noch weitgegehend verschont von GMO. Dies soll sich durch TTIP grundlegend \u00e4ndern.<\/p>\n<p>Einer unserer Aktiven ist Walter Haefeker, Pr\u00e4sident der europ\u00e4ischen Berufsimker und ausgezeichneter Kenner amerikanischer und europ\u00e4ischer Wirtschafts- und Umweltpolitik<\/p>\n<p>Er hat 2013 einen Vortrag zu TTIP gehalten, der hier nochmal zu sehen ist:<\/p>\n<p><iframe loading=\"lazy\" src=\"\/\/www.youtube.com\/embed\/zUA3jgQPw3g\" width=\"621\" height=\"512\"><\/iframe><\/p>\n<p>&nbsp;<\/p>\n","protected":false},"excerpt":{"rendered":"<p>Freihandelsabkommen werden von Industriekonzernen vorangetrieben. Mit dem griffigen Slogan &#8222;Wachstum und Arbeitspl\u00e4tze&#8220; werden Politiker \u00fcberzeugt, dass Freihandelsabkommen eine gute Sache sind. Dabei sind solche Vertr\u00e4ge reine Investitionsschutzvertr\u00e4ge, die Investoren berechtigen, Staaten wegen entgangener Gewinne aufgrund nationaler gesetzlicher Beschr\u00e4nkung auf Schadenersatz zu verklagen. Solche Klagen nehmen st\u00e4ndig zu und erreichen nicht\u2026<\/p>\n<p> <a class=\"continue-reading-link\" href=\"https:\/\/www.stopptgennahrungsmittel.de\/?page_id=111\"><span>weiter lesen &#8230;<\/span><i class=\"crycon-right-dir\"><\/i><\/a> <\/p>\n","protected":false},"author":1,"featured_media":275,"parent":7,"menu_order":0,"comment_status":"closed","ping_status":"closed","template":"","meta":{"jetpack_post_was_ever_published":false,"footnotes":""},"class_list":["post-111","page","type-page","status-publish","has-post-thumbnail","hentry"],"jetpack_sharing_enabled":true,"jetpack_shortlink":"https:\/\/wp.me\/P7YsNH-1N","_links":{"self":[{"href":"https:\/\/www.stopptgennahrungsmittel.de\/index.php?rest_route=\/wp\/v2\/pages\/111","targetHints":{"allow":["GET"]}}],"collection":[{"href":"https:\/\/www.stopptgennahrungsmittel.de\/index.php?rest_route=\/wp\/v2\/pages"}],"about":[{"href":"https:\/\/www.stopptgennahrungsmittel.de\/index.php?rest_route=\/wp\/v2\/types\/page"}],"author":[{"embeddable":true,"href":"https:\/\/www.stopptgennahrungsmittel.de\/index.php?rest_route=\/wp\/v2\/users\/1"}],"replies":[{"embeddable":true,"href":"https:\/\/www.stopptgennahrungsmittel.de\/index.php?rest_route=%2Fwp%2Fv2%2Fcomments&post=111"}],"version-history":[{"count":10,"href":"https:\/\/www.stopptgennahrungsmittel.de\/index.php?rest_route=\/wp\/v2\/pages\/111\/revisions"}],"predecessor-version":[{"id":311,"href":"https:\/\/www.stopptgennahrungsmittel.de\/index.php?rest_route=\/wp\/v2\/pages\/111\/revisions\/311"}],"up":[{"embeddable":true,"href":"https:\/\/www.stopptgennahrungsmittel.de\/index.php?rest_route=\/wp\/v2\/pages\/7"}],"wp:featuredmedia":[{"embeddable":true,"href":"https:\/\/www.stopptgennahrungsmittel.de\/index.php?rest_route=\/wp\/v2\/media\/275"}],"wp:attachment":[{"href":"https:\/\/www.stopptgennahrungsmittel.de\/index.php?rest_route=%2Fwp%2Fv2%2Fmedia&parent=111"}],"curies":[{"name":"wp","href":"https:\/\/api.w.org\/{rel}","templated":true}]}}