{"id":105,"date":"2014-12-16T13:29:27","date_gmt":"2014-12-16T13:29:27","guid":{"rendered":"http:\/\/www.stopptgennahrungsmittel.de\/?page_id=105"},"modified":"2014-12-27T17:08:54","modified_gmt":"2014-12-27T17:08:54","slug":"was-wir-tun","status":"publish","type":"page","link":"https:\/\/www.stopptgennahrungsmittel.de\/?page_id=105","title":{"rendered":"was wir tun"},"content":{"rendered":"<h3>Aktivit\u00e4ten<\/h3>\n<ul>\n<li>Klagen vor dem Europ\u00e4ischen Gerichtshof f\u00fchren<\/li>\n<li>Vortr\u00e4ge zu Agrogentechnik und Freihandelsabkommen organisieren<\/li>\n<li>Filmgespr\u00e4che mit Regisseuren zu einschl\u00e4gigen Themen organisieren<\/li>\n<li>Buchlesungen mit Autoren zu einschl\u00e4gigen Themen organisieren<\/li>\n<li>Demonstrationen gegen Agrogentechnik und Freihandelsabkommen organisieren<\/li>\n<li>Gespr\u00e4che mit Parlamentariern organisieren<\/li>\n<li>parlamentarische Initiativen (Anfragen, Antr\u00e4ge, Petitionen) einbringen<\/li>\n<li>Abstimmungsverhalten der Parlamentarier beobachten und ver\u00f6ffentlichen<\/li>\n<\/ul>\n<h3>Beratung zu juristischen Fragen:<\/h3>\n<ul>\n<li>Gentechnik<\/li>\n<li>Schadensersatz<\/li>\n<li>Schutzm\u00f6glichkeiten<\/li>\n<li>Aufgaben von EU, Bundesregierung, Bundesl\u00e4ndern, Kompetenzen und Grenzen<\/li>\n<li>Durchsetzung von gentechnikfreien Kommunen, Zonen und Regionen, Antragsstellungen f\u00fcr die entsprechenden Gremien<\/li>\n<\/ul>\n<h3>Berater:<\/h3>\n<p style=\"padding-left: 30px;\"><strong>Dr. iur. Christoph Palme<\/strong><br \/>\nWissenschaftliche Beratung Umweltrecht<br \/>\nLegal Research Environmental Law<br \/>\nWaldh\u00e4userstr. 51<br \/>\n72076 T\u00fcbingen<br \/>\nDeutschland<br \/>\n0049 (0)7071 687038<br \/>\n0049 (0)177 188 0299<\/p>\n","protected":false},"excerpt":{"rendered":"<p>Aktivit\u00e4ten Klagen vor dem Europ\u00e4ischen Gerichtshof f\u00fchren Vortr\u00e4ge zu Agrogentechnik und Freihandelsabkommen organisieren Filmgespr\u00e4che mit Regisseuren zu einschl\u00e4gigen Themen organisieren Buchlesungen mit Autoren zu einschl\u00e4gigen Themen organisieren Demonstrationen gegen Agrogentechnik und Freihandelsabkommen organisieren Gespr\u00e4che mit Parlamentariern organisieren parlamentarische Initiativen (Anfragen, Antr\u00e4ge, Petitionen) einbringen Abstimmungsverhalten der Parlamentarier beobachten und ver\u00f6ffentlichen Beratung\u2026<\/p>\n<p> <a class=\"continue-reading-link\" href=\"https:\/\/www.stopptgennahrungsmittel.de\/?page_id=105\"><span>weiter lesen &#8230;<\/span><i class=\"crycon-right-dir\"><\/i><\/a> <\/p>\n","protected":false},"author":1,"featured_media":0,"parent":9,"menu_order":0,"comment_status":"closed","ping_status":"closed","template":"","meta":{"jetpack_post_was_ever_published":false,"footnotes":""},"class_list":["post-105","page","type-page","status-publish","hentry"],"jetpack_sharing_enabled":true,"jetpack_shortlink":"https:\/\/wp.me\/P7YsNH-1H","_links":{"self":[{"href":"https:\/\/www.stopptgennahrungsmittel.de\/index.php?rest_route=\/wp\/v2\/pages\/105","targetHints":{"allow":["GET"]}}],"collection":[{"href":"https:\/\/www.stopptgennahrungsmittel.de\/index.php?rest_route=\/wp\/v2\/pages"}],"about":[{"href":"https:\/\/www.stopptgennahrungsmittel.de\/index.php?rest_route=\/wp\/v2\/types\/page"}],"author":[{"embeddable":true,"href":"https:\/\/www.stopptgennahrungsmittel.de\/index.php?rest_route=\/wp\/v2\/users\/1"}],"replies":[{"embeddable":true,"href":"https:\/\/www.stopptgennahrungsmittel.de\/index.php?rest_route=%2Fwp%2Fv2%2Fcomments&post=105"}],"version-history":[{"count":6,"href":"https:\/\/www.stopptgennahrungsmittel.de\/index.php?rest_route=\/wp\/v2\/pages\/105\/revisions"}],"predecessor-version":[{"id":312,"href":"https:\/\/www.stopptgennahrungsmittel.de\/index.php?rest_route=\/wp\/v2\/pages\/105\/revisions\/312"}],"up":[{"embeddable":true,"href":"https:\/\/www.stopptgennahrungsmittel.de\/index.php?rest_route=\/wp\/v2\/pages\/9"}],"wp:attachment":[{"href":"https:\/\/www.stopptgennahrungsmittel.de\/index.php?rest_route=%2Fwp%2Fv2%2Fmedia&parent=105"}],"curies":[{"name":"wp","href":"https:\/\/api.w.org\/{rel}","templated":true}]}}